{"id":644,"date":"2017-03-20T18:29:44","date_gmt":"2017-03-20T17:29:44","guid":{"rendered":"http:\/\/aipcf-psy.com\/?page_id=644\/"},"modified":"2019-04-23T15:00:11","modified_gmt":"2019-04-23T13:00:11","slug":"affiliated-associations","status":"publish","type":"page","link":"https:\/\/old.aipcf.net\/en\/affiliated-associations\/","title":{"rendered":"AFFILIATED ASSOCIATIONS"},"content":{"rendered":"<div id='av_section_1'  class='avia-section av-av_section-bb9bdb22c7f9e6bf1d52c155825dc7f7 main_color avia-section-default avia-no-shadow  avia-builder-el-0  el_before_av_one_full  avia-builder-el-first  avia-bg-style-scroll container_wrap fullsize'  ><div class='container av-section-cont-open' ><main  role=\"main\" itemprop=\"mainContentOfPage\"  class='template-page content  av-content-full alpha units'><div class='post-entry post-entry-type-page post-entry-644'><div class='entry-content-wrapper clearfix'>\n<section  class='av_textblock_section av-av_textblock-396ddf1f42196ca838231e61a4602801 '   itemscope=\"itemscope\" itemtype=\"https:\/\/schema.org\/CreativeWork\" ><div class='avia_textblock'  itemprop=\"text\" ><h3 style=\"text-align: center;\">INTERNATIONAL ASSOCIATION OF COUPLE AND FAMILY PSYCHOANALYSIS<\/h3>\n<\/div><\/section>\n<\/div><\/div><\/main><!-- close content main element --><\/div><\/div><div id='after_section_1'  class='main_color av_default_container_wrap container_wrap fullsize'  ><div class='container av-section-cont-open' ><div class='template-page content  av-content-full alpha units'><div class='post-entry post-entry-type-page post-entry-644'><div class='entry-content-wrapper clearfix'>\n\n<style type=\"text\/css\" data-created_by=\"avia_inline_auto\" id=\"style-css-av-av_one_full-5ea2cf213c77d181de912191d6671af7\">\n.flex_column.av-av_one_full-5ea2cf213c77d181de912191d6671af7{\nborder-radius:0px 0px 0px 0px;\npadding:20px 20px 20px 20px;\nbackground-color:#a52254;\n}\n<\/style>\n<div  class='flex_column av-av_one_full-5ea2cf213c77d181de912191d6671af7 av_one_full  avia-builder-el-2  el_after_av_section  el_before_av_one_half  avia-builder-el-first  first flex_column_div  '     ><style type=\"text\/css\" data-created_by=\"avia_inline_auto\" id=\"style-css-av-av_heading-f412860c30426c4a7b8eff6b0e71bd6a\">\n#top .av-special-heading.av-av_heading-f412860c30426c4a7b8eff6b0e71bd6a{\npadding-bottom:10px;\ncolor:#e9f0c1;\n}\nbody .av-special-heading.av-av_heading-f412860c30426c4a7b8eff6b0e71bd6a .av-special-heading-tag .heading-char{\nfont-size:25px;\n}\n.av-special-heading.av-av_heading-f412860c30426c4a7b8eff6b0e71bd6a .special-heading-inner-border{\nborder-color:#e9f0c1;\n}\n.av-special-heading.av-av_heading-f412860c30426c4a7b8eff6b0e71bd6a .av-subheading{\nfont-size:15px;\n}\n<\/style>\n<div  class='av-special-heading av-av_heading-f412860c30426c4a7b8eff6b0e71bd6a av-special-heading-h1 custom-color-heading blockquote modern-quote  avia-builder-el-3  avia-builder-el-no-sibling '><h1 class='av-special-heading-tag'  itemprop=\"headline\"  >AFFILIATED ASSOCIATIONS 2019 &#8211; Being updated<\/h1><div class=\"special-heading-border\"><div class=\"special-heading-inner-border\"><\/div><\/div><\/div><\/div>\n<div class='flex_column_table av-av_one_half-47114fe39b8c0d1b0a40b92bed3f0941 sc-av_one_half av-equal-height-column-flextable'>\n<style type=\"text\/css\" data-created_by=\"avia_inline_auto\" id=\"style-css-av-av_one_half-47114fe39b8c0d1b0a40b92bed3f0941\">\n.flex_column.av-av_one_half-47114fe39b8c0d1b0a40b92bed3f0941{\nborder-radius:0px 0px 0px 0px;\npadding:20px 20px 20px 20px;\nbackground-color:#ffffff;\n}\n<\/style>\n<div  class='flex_column av-av_one_half-47114fe39b8c0d1b0a40b92bed3f0941 av_one_half  avia-builder-el-4  el_after_av_one_full  el_before_av_one_half  first no_margin flex_column_table_cell av-equal-height-column av-align-top  column-top-margin'     ><section  class='av_textblock_section av-jswvw4bh-e5291f483bb539e0af91db2a16482ecb '   itemscope=\"itemscope\" itemtype=\"https:\/\/schema.org\/CreativeWork\" ><div class='avia_textblock'  itemprop=\"text\" ><div>\n<p><strong>AL &#8211; Alemania \/Germany \/ Allemange :<\/strong><\/p>\n<\/div>\n<ul>\n<li><span class=\"ace-all-bold-hthree\"><strong>Institut f\u00fcr Paartherapie in Krankfurt <\/strong><span class=\" h-lparen\"><strong>(IFP)<\/strong>\u00a0<\/span><\/span>office@paarinstitut.de Bernd Boettger bernd-boettger@freenet.de<\/li>\n<\/ul>\n<div><\/div>\n<div><strong>AU &#8211; Australia \/ Australie :<\/strong><\/div>\n<ul>\n<li><span class=\"ace-all-bold-hthree\"><strong>New South Wales Institute of Family Psychotherapy <\/strong><span class=\" h-lparen\"><strong>(NSWIFP)<\/strong>\u00a0<\/span><\/span>Cynthia Gregory-Roberts &lt;cynthia@cgr.id.au&gt;<u>Jenny Berg : <\/u><span class=\"attrlink url\"><a class=\"attrlink\" href=\"mailto:drberg@optusnet.com.au\" target=\"_blank\" rel=\"noreferrer nofollow noopener\" data-target-href=\"mailto:drberg@optusnet.com.au\">drberg@optusnet.com.au<\/a><\/span>&lt;\/cynthia@cgr.id.au&gt;<\/li>\n<\/ul>\n<p><strong>AR &#8211; Argentina \/ Argentine<\/strong><\/p>\n<ul>\n<li>\n<div><span class=\"ace-all-bold-hthree\"><strong>Asociacion Argentina de Psicoanalistas de Pareja y Familia <\/strong><span class=\" h-lparen\"><strong>(AAPFYP)<\/strong>\u00a0<\/span><\/span><\/div>\n<div><u>Ezequiel Jaroslavsky, Buenos-Aires<\/u><u> <\/u><span class=\" h-lparen\"><u>(titular)<\/u><\/span><u> ejaroslav@intramed.net\u00a0<\/u><\/div>\n<div><u><\/u><u>Irma Morosini<\/u><u> <\/u><span class=\" h-lparen\"><u>(suplente)<\/u><\/span><u> <\/u><span class=\"attrlink url\"><a class=\"attrlink\" href=\"mailto:irmamorosini@hotmail.com\" target=\"_blank\" rel=\"noreferrer nofollow noopener\" data-target-href=\"mailto:irmamorosini@hotmail.com\">irmamorosini@hotmail.com<\/a><\/span><\/div>\n<\/li>\n<li>\n<div><strong><span class=\"ace-all-bold-hthree\">Asociaci\u00f3n Psicoanal\u00edtica Argentina <span class=\" h-lparen\">(APA)<\/span><\/span><\/strong>Psicoanalisis de Los Vinculos<\/div>\n<\/li>\n<li>\n<div><strong><span class=\"ace-all-bold-hthree\">Universidad de Ciencias Empresariales y Sociales\u00a0<\/span><span class=\"ace-all-bold-hthree\">Instituto de Altos Estudios en Psicolog\u00eda y Ciencias Sociales <span class=\" h-lparen\">(UCES<\/span> IAEPCIS)<\/span><\/strong>Laboratorio de docencia e investigaci\u00f3n en terapia psicoanal\u00edtica de pareja y familia<\/div>\n<div><u>Beatriz Burstein <\/u><span class=\"attrlink url\"><a class=\"attrlink\" href=\"mailto:beatriz_burstein@fibertel.com.ar\" target=\"_blank\" rel=\"noreferrer nofollow noopener\" data-target-href=\"mailto:beatriz_burstein@fibertel.com.ar\"><u>beatriz_burstein@fibertel.com.ar\u00a0<\/u><\/a><\/span><\/div>\n<div><u><\/u><u>manuel liss <\/u><span class=\"attrlink url\"><a class=\"attrlink\" href=\"mailto:mliss@fibertel.com.ar\" target=\"_blank\" rel=\"noreferrer nofollow noopener\" data-target-href=\"mailto:mliss@fibertel.com.ar\">mliss@fibertel.com.ar\u00a0<\/a><\/span><\/div>\n<div><u>alvarezlipsi@hotmail.com<\/u><\/div>\n<\/li>\n<\/ul>\n<p><strong>BE &#8211; Belgio \/ Belgium \/ Belgique<\/strong><\/p>\n<ul>\n<li>\n<div><strong><span class=\"ace-all-bold-hthree\">Association pour la Psychoth\u00e9rapie de Couple et de Famille <span class=\" h-lparen\">(APPCF)<\/span><\/span><\/strong><\/div>\n<div><u>Bruno Le Clef : <\/u><span class=\"attrlink url\"><a class=\"attrlink\" href=\"mailto:brunoleclef@versateladsl.be\" target=\"_blank\" rel=\"noreferrer nofollow noopener\" data-target-href=\"mailto:brunoleclef@versateladsl.be\">brunoleclef@versateladsl.be<\/a><\/span><\/div>\n<\/li>\n<\/ul>\n<p><strong>BR &#8211; Brasil \/ Brazil \/ Br\u00e9sil<\/strong><\/p>\n<ul>\n<li>\n<div><strong><span class=\"ace-all-bold-hthree\">Pontificia Universidade Catolica de Rio de Janeiro <span class=\" h-lparen\">(PUC)<\/span><\/span><\/strong><\/div>\n<div>Curso de especializacion en Terapia de Familia y pareja <u>Feres Carneiro Terezinha teferca@puc-rio.br<\/u><\/div>\n<\/li>\n<li>\n<div><b>IPUSP University S\u00e3o Paulo. Laboratory of Couple and Family<\/b>: clinic and psychosocial studies, Clinic Psychology Department of University <span class=\" h-lparen\">(IPUSP):<\/span><\/div>\n<div><u>\u00a0Isabel Cristina Gomes, S\u00e3o Paulo <\/u><span class=\"attrlink url\"><a class=\"attrlink\" href=\"mailto:isagomes.usp@gmail.com\" target=\"_blank\" rel=\"noreferrer nofollow noopener\" data-target-href=\"mailto:isagomes.usp@gmail.com\">isagomes.usp@gmail.com<\/a><\/span><\/div>\n<\/li>\n<li>\n<div><strong><span class=\"ace-all-bold-hthree\">Sociedade psicanalise Cidade de Rio de Janeiro <span class=\" h-lparen\">(SPCRJ)<\/span><\/span><\/strong><\/div>\n<div>N\u00facleo de familias e casados : <u>Levi Lidia : <\/u><span class=\"attrlink url\"><a class=\"attrlink\" href=\"mailto:llevy@puc-rio.br\" target=\"_blank\" rel=\"noreferrer nofollow noopener\" data-target-href=\"mailto:llevy@puc-rio.br\">llevy@puc-rio.br<\/a><\/span><\/div>\n<\/li>\n<li><b>USP Universidade S\u00e3o Paulo<\/b><b> <\/b><span class=\" h-lparen\"><b>(Instituto<\/b><\/span><b> psicologia, Laboratorio de estudio im psicanalise e psicologia sociale)<\/b> Laborat\u00f2rio de Estudos em Psican\u00e1lise e Psicologia Socia. Departamento de Psicologia Social e do Trabalho da Universidade de S\u00e3o Paulo: Maria Ines Assump\u00e7ao Fernandes, S\u00e3o Paulo <span class=\"attrlink url\"><a class=\"attrlink\" href=\"mailto:marines@usp.br\" target=\"_blank\" rel=\"noreferrer nofollow noopener\" data-target-href=\"mailto:marines@usp.br\">marines@usp.br<\/a><\/span><\/li>\n<\/ul>\n<p><strong>CH &#8211; Suiza \/ Switzerland \/ Suisse<\/strong><\/p>\n<ul>\n<li><b>AGOG Arbeidsgemeinschaft Operative Gruppen \u2013 Zurich: Thomas Von Salis<\/b> <span class=\"attrlink url\"><a class=\"attrlink\" href=\"mailto:thomas.vonsalis@hin.ch\" target=\"_blank\" rel=\"noreferrer nofollow noopener\" data-target-href=\"mailto:thomas.vonsalis@hin.ch\">thomas.vonsalis@hin.ch<\/a><\/span><\/li>\n<\/ul>\n<p><strong>ES &#8211; <span id=\"result_box\" class=\"short_text\" lang=\"es\"><span class=\"\">Espa\u00f1a<\/span><\/span> \/ Spain \/ Espagne<\/strong><\/p>\n<ul>\n<li><b>Asociaci\u00f3n Espa\u00f1ola de Investigaci\u00f3n en Psicoterapia y Psicolog\u00eda Social<\/b><b> <\/b><span class=\" h-lparen\"><b>(AEIPPS)\u00a0 \u00a0<\/b><\/span>Secci\u00f3n interna de terapia familiar\u00a0 \u00a0 \u00a0 \u00a0 \u00a0 \u00a0 \u00a0 \u00a0 \u00a0 \u00a0 \u00a0 \u00a0 \u00a0 \u00a0 \u00a0 \u00a0 \u00a0 \u00a0 \u00a0 \u00a0 \u00a0 \u00a0 \u00a0 \u00a0 \u00a0 \u00a0 \u00a0 \u00a0 \u00a0 \u00a0 \u00a0 \u00a0 \u00a0 \u00a0 \u00a0 \u00a0 \u00a0 \u00a0 \u00a0 \u00a0 \u00a0 \u00a0 \u00a0 \u00a0 \u00a0 \u00a0 \u00a0 \u00a0 \u00a0 \u00a0 \u00a0 \u00a0 \u00a0 \u00a0 \u00a0 \u00a0 \u00a0 \u00a0 \u00a0 Juan Gonz\u00e1les Rojas: <span class=\"attrlink url\"><a class=\"attrlink\" href=\"mailto:jmgre1@hotmail.com\" target=\"_blank\" rel=\"noreferrer nofollow noopener\" data-target-href=\"mailto:jmgre1@hotmail.com\">jmgre1@hotmail.com<\/a><\/span><\/li>\n<\/ul>\n<ul>\n<li>\n<div><span class=\"ace-all-bold-hthree\"><b>Asociaci\u00f3n de Psicoterapia Psicoanal\u00edtica de pareja, Familia y Grupo Multifamiliar<\/b><b> <\/b><span class=\" h-lparen\"><b>(APyF)<\/b><\/span><\/span><\/div>\n<div><span class=\"attrlink url\"><a class=\"attrlink\" href=\"mailto:florencio@moneo.e.telefonica.net\" target=\"_blank\" rel=\"noreferrer nofollow noopener\" data-target-href=\"mailto:florencio@moneo.e.telefonica.net\">florencio@moneo.e.telefonica.net<\/a><\/span><\/div>\n<div>Mascaro Masri : <span class=\"attrlink url\"><a class=\"attrlink\" href=\"mailto:npmascaro@yahoo.es\" target=\"_blank\" rel=\"noreferrer nofollow noopener\" data-target-href=\"mailto:npmascaro@yahoo.es\">npmascaro@yahoo.es<\/a><\/span><\/div>\n<\/li>\n<li>\n<div><span class=\"ace-all-bold-hthree\"><b>Instituto Universitario de Salut Mental<\/b><b> <\/b><span class=\" h-quot\"><b>&#8220;Vidal<\/b><\/span><b> i Barraquer&#8221;<\/b><\/span><\/div>\n<div>De la Universidad Ramon Llull: Curso de Postgrado de Pareja y Familia, de orientaci\u00f3n psicoanal\u00edtica<\/div>\n<div>carlespt@fvb.es <span class=\"attrlink url\"><a class=\"attrlink\" href=\"http:\/\/www.url.es\" target=\"_blank\" rel=\"noreferrer nofollow noopener\" data-target-href=\"http:\/\/www.url.es\">www.url.es<\/a><\/span><\/div>\n<\/li>\n<\/ul>\n<p><strong>FR &#8211; Francia \/ France<\/strong><\/p>\n<ul>\n<li><b>Association de la psychanalyse des liens<\/b><b> <\/b><span class=\" h-lparen\"><b>(Apsylien-rec)<\/b><\/span>\n<div><u>Lyon apsylien@orange.fr. <\/u><span class=\"attrlink url\"><a class=\"attrlink\" href=\"mailto:clbarralbaron@free.fr\" target=\"_blank\" rel=\"noreferrer nofollow noopener\" data-target-href=\"mailto:clbarralbaron@free.fr\">clbarralbaron@free.fr<\/a><\/span><u>; apsylien.bureau@gmail.com<\/u><\/div>\n<\/li>\n<li>\n<div><u><\/u><b>IPSYC Institut de psychanalyse de couple<\/b>, Kremlin- Bic\u00eatre: Jean Maurice Blassel, St Nazaire <span class=\" h-lparen\">(titulaire)<\/span> blassel@free.fr; Fran\u00e7oise Payen <span class=\" h-lparen\">(suppl\u00e9ant)<\/span> <span class=\"attrlink url\"><a class=\"attrlink\" href=\"mailto:frpayen@yahoo.fr\" target=\"_blank\" rel=\"noreferrer nofollow noopener\" data-target-href=\"mailto:frpayen@yahoo.fr\">frpayen@yahoo.fr<\/a><\/span><\/div>\n<\/li>\n<li>\n<div><span class=\"ace-all-bold-hthree\"><b>Institut de Recherche en Psychoth\u00e9rapie de couple et de famille<\/b><b> <\/b><span class=\" h-lparen\"><b>(IRP)<\/b><\/span><\/span><\/div>\n<div><u>Pierre Benghozi<\/u><u> <\/u><span class=\" h-lparen\"><u>(titulaire)<\/u><\/span><u> <\/u><span class=\"attrlink url\"><a class=\"attrlink\" href=\"mailto:pbenghozi@wanadoo.fr\" target=\"_blank\" rel=\"noreferrer nofollow noopener\" data-target-href=\"mailto:pbenghozi@wanadoo.fr\">pbenghozi@wanadoo.fr<\/a><\/span><\/div>\n<\/li>\n<li><b>Psychanalyse et famille<\/b><b> <\/b><span class=\" h-lparen\"><b>(PSYFA)<\/b><\/span>\n<div>Marianne de Jesse Charleval <span class=\" h-lparen\">(titulaire<\/span><span class=\" h-lparen\"><u>)<\/u><\/span><u> marianne.de-jesse-charleval@orange.fr<\/u>; Genevi\u00e8ve Djenati <span class=\" h-lparen\">(suppl\u00e9ante)<\/span> <span class=\"attrlink url\"><a class=\"attrlink\" href=\"mailto:djenati@wanadoo.fr\" target=\"_blank\" rel=\"noreferrer nofollow noopener\" data-target-href=\"mailto:djenati@wanadoo.fr\">djenati@wanadoo.fr<\/a><\/span><\/div>\n<\/li>\n<li>\n<div><span class=\"ace-all-bold-hthree\"><b>Soci\u00e9t\u00e9 de th\u00e9rapie familiale psychanalytique de la r\u00e9gion Nord Pas de Calais<\/b><b> <\/b><span class=\" h-lparen\"><b>(STFPRNP)<\/b><\/span><\/span><\/div>\n<div>Roland Sefcick: <span class=\"attrlink url\"><a class=\"attrlink\" href=\"mailto:r.sefcick@aliceadsl.fr\" target=\"_blank\" rel=\"noreferrer nofollow noopener\" data-target-href=\"mailto:r.sefcick@aliceadsl.fr\">r.sefcick@aliceadsl.fr<\/a><\/span><\/div>\n<\/li>\n<\/ul>\n<\/div><\/section><\/div>\n<style type=\"text\/css\" data-created_by=\"avia_inline_auto\" id=\"style-css-av-av_one_half-8f465c6ba8aaf6ce855f10f0b8b1f2d7\">\n.flex_column.av-av_one_half-8f465c6ba8aaf6ce855f10f0b8b1f2d7{\nborder-radius:0px 0px 0px 0px;\npadding:0px 0px 0px 0px;\nbackground-color:#ffffff;\n}\n<\/style>\n<div  class='flex_column av-av_one_half-8f465c6ba8aaf6ce855f10f0b8b1f2d7 av_one_half  avia-builder-el-6  el_after_av_one_half  el_before_av_hr  no_margin flex_column_table_cell av-equal-height-column av-align-top av-zero-column-padding  column-top-margin'     ><section  class='av_textblock_section av-jswvwksy-3b0cba3c7a85bc4a42d2f4e7ca10f756 '   itemscope=\"itemscope\" itemtype=\"https:\/\/schema.org\/CreativeWork\" ><div class='avia_textblock'  itemprop=\"text\" ><p><strong>IT &#8211; Italia \/ Italy \/ Italie<\/strong><\/p>\n<ul>\n<li>\n<div><span class=\"ace-all-bold-hthree\"><b>APCF Associazione di Psicoanalisi con la Coppia et la Famiglia<\/b><\/span><\/div>\n<div><span class=\"ace-all-bold-hthree\"><b>Dipartimento Di Psicoanalisi Applicata alla Coppia e alla Famiglia<\/b><\/span><\/div>\n<div><span class=\"attrlink url\"><a class=\"attrlink\" href=\"mailto:isppref@itb.it\" target=\"_blank\" rel=\"noreferrer nofollow noopener\" data-target-href=\"mailto:isppref@itb.it\">isppref@itb.it<\/a><\/span><\/div>\n<\/li>\n<li>\n<div><span class=\"ace-all-bold-hthree\"><b>Associazione Paolo Saccani<\/b><\/span><\/div>\n<div>Studi Psicoanalitici della familia et della copia de Milan \u2013 Italie<\/div>\n<\/li>\n<li>\n<div><b>ARCIPELAGO. Centro Studi psicoanalitici per la coppia e la famiglia, <\/b>Milano: Barbara Bianchini <span class=\" h-lparen\">(referent)<\/span> <span class=\"attrlink url\"><a class=\"attrlink\" href=\"mailto:barbara.bianchini@tin.it\" target=\"_blank\" rel=\"noreferrer nofollow noopener\" data-target-href=\"mailto:barbara.bianchini@tin.it\">barbara.bianchini@tin.it<\/a><\/span><\/div>\n<\/li>\n<li><b>BOLOGNA\u2019s group<\/b>: Luigi Roccalbegni <span class=\"attrlink url\"><a class=\"attrlink\" href=\"mailto:roccalbegni@fastwebnet.it\" target=\"_blank\" rel=\"noreferrer nofollow noopener\" data-target-href=\"mailto:roccalbegni@fastwebnet.it\">roccalbegni@fastwebnet.it<\/a><\/span><b><\/b><\/li>\n<li><b>CERP Milano<\/b>: Simona Taccani <span class=\" h-lparen\">(referent)<\/span> staccan@tin.it; Clara Monari <span class=\" h-lparen\">(substitute)<\/span><\/li>\n<li><strong>CPFC Centro di Psicoanalisi Familiare e di Coppia<\/strong>, Roma: Gemma Trapanese <span class=\"attrlink url\"><a class=\"attrlink\" href=\"mailto:gemma.trapanese@fastwebnet.it\" target=\"_blank\" rel=\"noreferrer nofollow noopener\" data-target-href=\"mailto:gemma.trapanese@fastwebnet.it\">gemma.trapanese@fastwebnet.it<\/a><\/span><b><\/b><\/li>\n<li><b>CRPCF Centro Ricerca Psicoanalitica Coppia Famiglia<\/b> , Firenze: Giovanni Trapani <span class=\" h-lparen\">(referent)<\/span> andrea_trapani@virgilio.it; Giacomo Tessari <span class=\" h-lparen\">(substitute)<\/span> <span class=\"attrlink url\"><a class=\"attrlink\" href=\"mailto:giacomo.tessari@tiscali.it\" target=\"_blank\" rel=\"noreferrer nofollow noopener\" data-target-href=\"mailto:giacomo.tessari@tiscali.it\">giacomo.tessari@tiscali.it<\/a><\/span><b><\/b><\/li>\n<li><b>GRIPO Gruppo di Ricerca in Psicoanalisi Operativa, Padoue<\/b>: Fiorenza Milano <span class=\" h-lparen\">(referent)<\/span> fiorenza.milano@gmail.com; Raffaele Fischetti <span class=\" h-lparen\">(substitute)<\/span> <span class=\"attrlink url\"><a class=\"attrlink\" href=\"mailto:raffaelefischetti@libero.it\" target=\"_blank\" rel=\"noreferrer nofollow noopener\" data-target-href=\"mailto:raffaelefischetti@libero.it\">raffaelefischetti@libero.it<\/a><\/span><b><\/b><\/li>\n<li><b>ISPPREF Dipartimento di psicoanalisi applicata alla Coppia e alla Famiglia<\/b>, Napoli: Maximiliano Sommantico <span class=\"attrlink url\"><a class=\"attrlink\" href=\"mailto:sommanti@unina.it\" target=\"_blank\" rel=\"noreferrer nofollow noopener\" data-target-href=\"mailto:sommanti@unina.it\">sommanti@unina.it<\/a><\/span><\/li>\n<li><b>Istituto per la Formazione e la Ricerca Applicata de Bologna<\/b>\n<div>Bologne \u2013 Italie<\/div>\n<\/li>\n<li>\n<div><b>SIPRE, AREA COPPIA<\/b>Milano : Giancarlo Marenco: <span class=\"attrlink url\"><a class=\"attrlink\" href=\"mailto:giancarlomarenco@tin.it\" target=\"_blank\" rel=\"noreferrer nofollow noopener\" data-target-href=\"mailto:giancarlomarenco@tin.it\">giancarlomarenco@tin.it<\/a><\/span><b><\/b><\/div>\n<\/li>\n<li>\n<div><b>SIPRE, PROGETTO COPPIAMilano<\/b> :Romina Coin <span class=\" h-lparen\">(referent)<\/span> <span class=\"attrlink url\"><a class=\"attrlink\" href=\"mailto:romina.coin@fastwebnet.it\" target=\"_blank\" rel=\"noreferrer nofollow noopener\" data-target-href=\"mailto:romina.coin@fastwebnet.it\">romina.coin@fastwebnet.it<\/a><\/span><b><\/b><\/div>\n<\/li>\n<li>\n<div><b>STUDY GROUP on<\/b><b> <\/b><span class=\" h-ldquo\"><b>\u201cPsychoanalytic<\/b><\/span><b> psychotherapy of the couple and attachment\u201d<\/b> <span class=\" h-lparen\">(Roma)<\/span> : Guilio-Cesare Zavatinni <span class=\"attrlink url\"><a class=\"attrlink\" href=\"mailto:giuliocesare.zavattini@uniroma1.it\" target=\"_blank\" rel=\"noreferrer nofollow noopener\" data-target-href=\"mailto:giuliocesare.zavattini@uniroma1.it\">giuliocesare.zavattini@uniroma1.it<\/a><\/span><b><\/b><\/div>\n<\/li>\n<li>\n<div><b>TURIN\u2019s group<\/b>: Elena Bonassi <span class=\" h-lparen\">(referent)<\/span> elena.bonassi@fastwebnet.it; Anna Rissone <span class=\" h-lparen\">(substitute)<\/span> <span class=\"attrlink url\"><a class=\"attrlink\" href=\"mailto:anna.rissone@fastwebnet.it\" target=\"_blank\" rel=\"noreferrer nofollow noopener\" data-target-href=\"mailto:anna.rissone@fastwebnet.it\">anna.rissone@fastwebnet.it<\/a><\/span><\/div>\n<\/li>\n<li>\n<div><strong>Societ\u00e0 Italiana di Psicoanalisi della Coppia e della Famiglia\u00a0\u201cRivista Interazioni\u201d<\/strong> &#8211; Roma<\/div>\n<\/li>\n<\/ul>\n<div><strong>LU &#8211; Luxemburgo \/ Luxembourg:<\/strong><\/div>\n<ul>\n<li><span class=\"ace-all-bold-hthree\"><b>Soci\u00e9t\u00e9 psychanalytique de Luxembourg\u00a0<\/b><\/span>Section famille et couple<\/li>\n<\/ul>\n<p><strong>PE &#8211; <span id=\"result_box\" class=\"short_text\" lang=\"es\"><span class=\"\">Per\u00fa \/ <\/span><\/span>Peru \/ P\u00e9rou<\/strong><\/p>\n<ul>\n<li>\n<div><span class=\"ace-all-bold-hthree\"><b>Sociedad Peruana de Psicoterapia Psicoanalitica de Pareja y Familia<\/b><b> <\/b><span class=\" h-lparen\"><b>(SPF)<\/b><\/span><\/span><\/div>\n<div><span class=\"ace-all-bold-hthree\"><span class=\"attrlink url\"><b><a class=\"attrlink\" href=\"mailto:info@spfpareejayfamilia.com\" target=\"_blank\" rel=\"noreferrer nofollow noopener\" data-target-href=\"mailto:info@spfpareejayfamilia.com\">info@spfpareejayfamilia.com<\/a><\/b><\/span><\/span><\/div>\n<\/li>\n<\/ul>\n<p><strong>PT &#8211; Portugal<\/strong><\/p>\n<ul>\n<li>\n<div><span class=\"ace-all-bold-hthree\"><b>Poiesis &#8211; Portuguese Association of Psychoanalytic Psychotherapy in Couples and Families<\/b><\/span><\/div>\n<div>Manuela Porto <span class=\" h-lparen\">(titulaire)<\/span> mariamanuelaporto@gmail.com; Nuno Cotralha: <span class=\"attrlink url\"><a class=\"attrlink\" href=\"mailto:nuno.cotralha@gmail.com\" target=\"_blank\" rel=\"noreferrer nofollow noopener\" data-target-href=\"mailto:nuno.cotralha@gmail.com\">nuno.cotralha@gmail.com<\/a><\/span><\/div>\n<\/li>\n<\/ul>\n<p><strong>RO &#8211; <span id=\"result_box\" class=\"short_text\" lang=\"es\"><span class=\"\">Rumania<\/span><\/span> \/ Romania \/ Roumanie<\/strong><\/p>\n<ul>\n<li><b>ROMANIAN ASSOCIATION FOR THE PSYCHOANALYSIS OF GROUP AND FAMILY LINKS \u00ab ENRIQUE PICHON RIVIERE \u00bb\u00a0<\/b><u>cpap.anca@gmail.com<\/u><u><\/u><\/li>\n<\/ul>\n<div>\n<p><strong>TR &#8211; Turqu\u00eda \/ Turkey\/ Turquie:<\/strong><\/p>\n<\/div>\n<ul>\n<li><span class=\"ace-all-bold-hthree\"><b>Association psychanalytique d\u2019Istanbul\u00a0<\/b><\/span>Talat Parman <span class=\" h-lparen\">(titulaire)<\/span> <span class=\"attrlink url\"><a class=\"attrlink\" href=\"mailto:talatparman@yahoo.com\" target=\"_blank\" rel=\"noreferrer nofollow noopener\" data-target-href=\"mailto:talatparman@yahoo.com\">talatparman@yahoo.com\u00a0<\/a><\/span><a class=\"attrlink\" href=\"mailto:turkpsikanaliz@yahoo.com\" target=\"_blank\" rel=\"noreferrer nofollow noopener\" data-target-href=\"mailto:turkpsikanaliz@yahoo.com\">turkpsikanaliz@yahoo.com<\/a><\/li>\n<\/ul>\n<div><\/div>\n<p><strong>UK &#8211; <span id=\"result_box\" class=\"short_text\" lang=\"es\"><span class=\"\">Reino Unido<\/span><\/span> \/ United Kingdom \/ Royaume-Uni<\/strong><\/p>\n<ul>\n<li>\n<div><span class=\"ace-all-bold-hthree\"><b>Society of Couple Psychoanalytic Psychotherapists<\/b><\/span><\/div>\n<div>Royaume Uni : KAHR Brett <span class=\"attrlink url\"><a class=\"attrlink\" href=\"mailto:kahr14@aol.com\" target=\"_blank\" rel=\"noreferrer nofollow noopener\" data-target-href=\"mailto:kahr14@aol.com\">kahr14@aol.com<\/a><\/span><\/div>\n<\/li>\n<\/ul>\n<p><strong>US &#8211; Estados Unidos \/ United States \/ Etats-Unis <\/strong><\/p>\n<ul>\n<li>\n<div><span class=\"ace-all-bold-hthree\"><b>International Psychotherapy Institute<\/b><b> <\/b><span class=\" h-lparen\"><b>(IPI)<\/b><\/span><\/span><\/div>\n<div>Scharff-Savage Jill, Maryland: iiort@mindspring.com <span class=\" h-lparen\">(titular)<\/span> Nicole Caruso<\/div>\n<\/li>\n<\/ul>\n<p><strong>UY &#8211; Uruguay:<\/strong><\/p>\n<ul>\n<li><span class=\"ace-all-bold-hthree\"><b>Associaci\u00f3n Psicoanal\u00edtica del Uruguay<\/b><b> <\/b><span class=\" h-lparen\"><b>(APU)\u00a0<\/b><\/span><\/span>Unidad de familias y pareja<\/li>\n<\/ul>\n<\/div><\/section><\/div><\/div><!--close column table wrapper. Autoclose: 1 --><div  class='hr av-av_hr-dcd2069817a0e3d34ae04cad8f3443c7 hr-default  avia-builder-el-8  el_after_av_one_half  avia-builder-el-last '><span class='hr-inner '><span class=\"hr-inner-style\"><\/span><\/span><\/div><\/p>\n","protected":false},"excerpt":{"rendered":"","protected":false},"author":1,"featured_media":0,"parent":0,"menu_order":0,"comment_status":"closed","ping_status":"closed","template":"","meta":{"footnotes":""},"_links":{"self":[{"href":"https:\/\/old.aipcf.net\/en\/wp-json\/wp\/v2\/pages\/644"}],"collection":[{"href":"https:\/\/old.aipcf.net\/en\/wp-json\/wp\/v2\/pages"}],"about":[{"href":"https:\/\/old.aipcf.net\/en\/wp-json\/wp\/v2\/types\/page"}],"author":[{"embeddable":true,"href":"https:\/\/old.aipcf.net\/en\/wp-json\/wp\/v2\/users\/1"}],"replies":[{"embeddable":true,"href":"https:\/\/old.aipcf.net\/en\/wp-json\/wp\/v2\/comments?post=644"}],"version-history":[{"count":10,"href":"https:\/\/old.aipcf.net\/en\/wp-json\/wp\/v2\/pages\/644\/revisions"}],"predecessor-version":[{"id":5605,"href":"https:\/\/old.aipcf.net\/en\/wp-json\/wp\/v2\/pages\/644\/revisions\/5605"}],"wp:attachment":[{"href":"https:\/\/old.aipcf.net\/en\/wp-json\/wp\/v2\/media?parent=644"}],"curies":[{"name":"wp","href":"https:\/\/api.w.org\/{rel}","templated":true}]}}