{"id":4363,"date":"2018-12-15T11:10:29","date_gmt":"2018-12-15T10:10:29","guid":{"rendered":"http:\/\/aipcf.net\/?page_id=4363"},"modified":"2019-02-08T13:43:30","modified_gmt":"2019-02-08T12:43:30","slug":"consejo-cientifico","status":"publish","type":"page","link":"https:\/\/old.aipcf.net\/es\/consejo-cientifico\/","title":{"rendered":"CONSEJO CIENTIFICO"},"content":{"rendered":"<div id='av_section_1'  class='avia-section av-av_section-bb9bdb22c7f9e6bf1d52c155825dc7f7 main_color avia-section-default avia-no-shadow  avia-builder-el-0  el_before_av_hr  avia-builder-el-first  avia-bg-style-scroll container_wrap sidebar_right'  ><div class='container av-section-cont-open' ><main  role=\"main\" itemprop=\"mainContentOfPage\"  class='template-page content  av-content-small alpha units'><div class='post-entry post-entry-type-page post-entry-4363'><div class='entry-content-wrapper clearfix'>\n<section  class='av_textblock_section av-av_textblock-2de302bf1aa3cf4c9157dbe6f50ac7eb '   itemscope=\"itemscope\" itemtype=\"https:\/\/schema.org\/CreativeWork\" ><div class='avia_textblock'  itemprop=\"text\" ><h3 style=\"text-align: center;\">ASOCIACI\u00d3N INTERNACIONAL DE PSICOAN\u00c1LISIS DE PAREJA Y FAMILIA<\/h3>\n<\/div><\/section>\n<\/div><\/div><\/main><!-- close content main element --><\/div><\/div><div id='after_section_1'  class='main_color av_default_container_wrap container_wrap sidebar_right'  ><div class='container av-section-cont-open' ><div class='template-page content  av-content-small alpha units'><div class='post-entry post-entry-type-page post-entry-4363'><div class='entry-content-wrapper clearfix'>\n\n<style type=\"text\/css\" data-created_by=\"avia_inline_auto\" id=\"style-css-av-av_hr-bf74dd7152d7aac6af6ee7531069ad1d\">\n#top .hr.av-av_hr-bf74dd7152d7aac6af6ee7531069ad1d{\nmargin-top:0px;\nmargin-bottom:0px;\n}\n.hr.av-av_hr-bf74dd7152d7aac6af6ee7531069ad1d .hr-inner{\nwidth:100%;\nborder-color:#494949;\n}\n<\/style>\n<div  class='hr av-av_hr-bf74dd7152d7aac6af6ee7531069ad1d hr-custom  avia-builder-el-2  el_after_av_section  el_before_av_one_full  avia-builder-el-first  hr-center hr-icon-no'><span class='hr-inner inner-border-av-border-thin'><span class=\"hr-inner-style\"><\/span><\/span><\/div>\n\n<style type=\"text\/css\" data-created_by=\"avia_inline_auto\" id=\"style-css-av-av_one_full-5ea2cf213c77d181de912191d6671af7\">\n.flex_column.av-av_one_full-5ea2cf213c77d181de912191d6671af7{\nborder-radius:0px 0px 0px 0px;\npadding:20px 20px 20px 20px;\nbackground-color:#a52254;\n}\n<\/style>\n<div  class='flex_column av-av_one_full-5ea2cf213c77d181de912191d6671af7 av_one_full  avia-builder-el-3  el_after_av_hr  el_before_av_one_full  first flex_column_div  '     ><style type=\"text\/css\" data-created_by=\"avia_inline_auto\" id=\"style-css-av-av_heading-3cacfbcb0ba681fc03046c32275942de\">\n#top .av-special-heading.av-av_heading-3cacfbcb0ba681fc03046c32275942de{\npadding-bottom:10px;\ncolor:#e9f0c1;\n}\nbody .av-special-heading.av-av_heading-3cacfbcb0ba681fc03046c32275942de .av-special-heading-tag .heading-char{\nfont-size:25px;\n}\n.av-special-heading.av-av_heading-3cacfbcb0ba681fc03046c32275942de .special-heading-inner-border{\nborder-color:#e9f0c1;\n}\n.av-special-heading.av-av_heading-3cacfbcb0ba681fc03046c32275942de .av-subheading{\nfont-size:15px;\n}\n<\/style>\n<div  class='av-special-heading av-av_heading-3cacfbcb0ba681fc03046c32275942de av-special-heading-h1 custom-color-heading blockquote modern-quote  avia-builder-el-4  avia-builder-el-no-sibling '><h1 class='av-special-heading-tag'  itemprop=\"headline\"  >CONSEJO CIENTIFICO <\/h1><div class=\"special-heading-border\"><div class=\"special-heading-inner-border\"><\/div><\/div><\/div><\/div>\n\n<style type=\"text\/css\" data-created_by=\"avia_inline_auto\" id=\"style-css-av-av_one_full-6ccc481f9026a663ec06f5d72211aba8\">\n.flex_column.av-av_one_full-6ccc481f9026a663ec06f5d72211aba8{\nborder-radius:0px 0px 0px 0px;\npadding:10px 10px 10px 10px;\nbackground-color:#ffffff;\n}\n<\/style>\n<div  class='flex_column av-av_one_full-6ccc481f9026a663ec06f5d72211aba8 av_one_full  avia-builder-el-5  el_after_av_one_full  avia-builder-el-last  first flex_column_div  column-top-margin'     ><section  class='av_textblock_section av-jrolpodw-de684552bab1a1d7700787c37121d3f2 '   itemscope=\"itemscope\" itemtype=\"https:\/\/schema.org\/CreativeWork\" ><div class='avia_textblock'  itemprop=\"text\" ><p>El coordinador y los miembros del Consejo Cient\u00edfico son nombrados por el Consejo de Administraci\u00f3n.<\/p>\n<p>El Consejo Cient\u00edfico propone al Consejo de Administraci\u00f3n \u00a0las l\u00edneas de investigaci\u00f3n de la Asociaci\u00f3n. \u00a0\u00a0Organizar\u00e1 su trabajo de forma independiente. El Consejo puede apelar, bajo su responsabilidad, a cualquier jurisdicci\u00f3n externa que considere apropiado. Se garantiza el rigor cient\u00edfico de los estudios elaborados y difundidos por la Asociaci\u00f3n.<\/p>\n<p>Garantiza las orientaciones psicoanal\u00edticas pluralistas de la asociaci\u00f3n y, en ese sentido dar\u00e1 su opini\u00f3n y asesoramiento \u00a0del encuadre de las propuestas de los diferentes \u00f3rganos de la asociaci\u00f3n.<\/p>\n<p>Ser\u00e1 propuesto en el marco del reglamento interior que el Consejo Cient\u00edfico participe a la co-creaci\u00f3n, del centro de estudios y delegue en \u00e9l la organizaci\u00f3n de la producci\u00f3n cient\u00edfica.<\/p>\n<p>&#8212;&#8212;&#8212;&#8212;&#8212;&#8212;&#8212;&#8212;&#8212;&#8212;&#8212;&#8212;&#8212;&#8212;&#8212;&#8212;&#8212;-<\/p>\n<p>Eventos Cientificos propuestos por el CA<\/p>\n<p><strong>2019<\/strong><\/p>\n<ul>\n<li>13\u00a0al 15 de abril 2019 : Moldavia &#8211; \u00abDeseo y sufrimiento\u00bb organizado\u00a0 por\u00a0 La Asociaci\u00f3n Rumana de Psicoan\u00e1lisis vincular de grupo y familia \u00abEnrique Pichon-Rivi\u00e8re\u00bb <strong>en partenariado con l&#8217;AIPPF.<\/strong><\/li>\n<li>11-12 Octubre 2019 : Jornada Regional francofona de l\u2019AIPPF &#8211; Espace de Conf\u00e9rence Diaconesses,\u00a0Paris, France &#8211; \u00abDuelo originario y melancolia familiar\u201d.<\/li>\n<\/ul>\n<p><strong>2020<\/strong><\/p>\n<ul>\n<li>Mai 2020 : Pre-Congreso sobre Pareja y Familia &#8211; IPA-Asie &#8211; Sydney, Australia, <strong><em>en partenariat avec l&#8217;AIPCF<\/em><\/strong><\/li>\n<li>21 au 25 de <strong>octubre Congreso Internacional de l&#8217;AIPPF\u00a0\u2013\u2013 Panama<\/strong> \u2013 <strong><em>tema a fijar<\/em><\/strong><\/li>\n<\/ul>\n<p><strong>\u00a0<\/strong><\/p>\n<p><strong>\u00a0<\/strong><\/p>\n<\/div><\/section><\/div>\n","protected":false},"excerpt":{"rendered":"","protected":false},"author":1,"featured_media":0,"parent":0,"menu_order":0,"comment_status":"closed","ping_status":"closed","template":"","meta":{"footnotes":""},"_links":{"self":[{"href":"https:\/\/old.aipcf.net\/es\/wp-json\/wp\/v2\/pages\/4363"}],"collection":[{"href":"https:\/\/old.aipcf.net\/es\/wp-json\/wp\/v2\/pages"}],"about":[{"href":"https:\/\/old.aipcf.net\/es\/wp-json\/wp\/v2\/types\/page"}],"author":[{"embeddable":true,"href":"https:\/\/old.aipcf.net\/es\/wp-json\/wp\/v2\/users\/1"}],"replies":[{"embeddable":true,"href":"https:\/\/old.aipcf.net\/es\/wp-json\/wp\/v2\/comments?post=4363"}],"version-history":[{"count":2,"href":"https:\/\/old.aipcf.net\/es\/wp-json\/wp\/v2\/pages\/4363\/revisions"}],"predecessor-version":[{"id":4781,"href":"https:\/\/old.aipcf.net\/es\/wp-json\/wp\/v2\/pages\/4363\/revisions\/4781"}],"wp:attachment":[{"href":"https:\/\/old.aipcf.net\/es\/wp-json\/wp\/v2\/media?parent=4363"}],"curies":[{"name":"wp","href":"https:\/\/api.w.org\/{rel}","templated":true}]}}