{"id":4368,"date":"2018-12-15T11:21:28","date_gmt":"2018-12-15T10:21:28","guid":{"rendered":"http:\/\/aipcf.net\/?page_id=4368"},"modified":"2022-01-24T11:42:06","modified_gmt":"2022-01-24T10:42:06","slug":"centro-de-estudios","status":"publish","type":"page","link":"https:\/\/old.aipcf.net\/es\/centro-de-estudios\/","title":{"rendered":"CENTRO DE ESTUDIOS"},"content":{"rendered":"<div id='av_section_1'  class='avia-section av-ekdmf4-d093546b6d7261b596712ebf41efd9c4 main_color avia-section-default avia-no-shadow  avia-builder-el-0  el_before_av_hr  avia-builder-el-first  avia-bg-style-scroll container_wrap sidebar_right'  ><div class='container av-section-cont-open' ><main  role=\"main\" itemprop=\"mainContentOfPage\"  class='template-page content  av-content-small alpha units'><div class='post-entry post-entry-type-page post-entry-4368'><div class='entry-content-wrapper clearfix'>\n<section  class='av_textblock_section av-csuvw0-b3fb010207cdf0466b2ac0de3fa1af82 '   itemscope=\"itemscope\" itemtype=\"https:\/\/schema.org\/CreativeWork\" ><div class='avia_textblock'  itemprop=\"text\" ><h3 style=\"text-align: center;\">ASOCIACI\u00d3N INTERNACIONAL DE PSICOAN\u00c1LISIS DE PAREJA Y FAMILIA<\/h3>\n<\/div><\/section>\n<\/div><\/div><\/main><!-- close content main element --><\/div><\/div><div id='after_section_1'  class='main_color av_default_container_wrap container_wrap sidebar_right'  ><div class='container av-section-cont-open' ><div class='template-page content  av-content-small alpha units'><div class='post-entry post-entry-type-page post-entry-4368'><div class='entry-content-wrapper clearfix'>\n\n<style type=\"text\/css\" data-created_by=\"avia_inline_auto\" id=\"style-css-av-amv3n4-97247940f51fb6cd842b01f0b89852bf\">\n#top .hr.av-amv3n4-97247940f51fb6cd842b01f0b89852bf{\nmargin-top:0px;\nmargin-bottom:0px;\n}\n.hr.av-amv3n4-97247940f51fb6cd842b01f0b89852bf .hr-inner{\nwidth:100%;\nborder-color:#494949;\n}\n<\/style>\n<div  class='hr av-amv3n4-97247940f51fb6cd842b01f0b89852bf hr-custom  avia-builder-el-2  el_after_av_section  el_before_av_one_full  avia-builder-el-first  hr-center hr-icon-no'><span class='hr-inner inner-border-av-border-thin'><span class=\"hr-inner-style\"><\/span><\/span><\/div>\n\n<style type=\"text\/css\" data-created_by=\"avia_inline_auto\" id=\"style-css-av-98htv4-462440bd5c11b5ca10d59a527e9d540d\">\n.flex_column.av-98htv4-462440bd5c11b5ca10d59a527e9d540d{\nborder-radius:0px 0px 0px 0px;\npadding:20px 20px 20px 20px;\nbackground-color:#a52254;\n}\n<\/style>\n<div  class='flex_column av-98htv4-462440bd5c11b5ca10d59a527e9d540d av_one_full  avia-builder-el-3  el_after_av_hr  el_before_av_one_full  first flex_column_div  '     ><style type=\"text\/css\" data-created_by=\"avia_inline_auto\" id=\"style-css-av-7k9u0w-df10595d7195b9693a4024a7d2d6edde\">\n#top .av-special-heading.av-7k9u0w-df10595d7195b9693a4024a7d2d6edde{\npadding-bottom:10px;\ncolor:#e9f0c1;\n}\nbody .av-special-heading.av-7k9u0w-df10595d7195b9693a4024a7d2d6edde .av-special-heading-tag .heading-char{\nfont-size:25px;\n}\n.av-special-heading.av-7k9u0w-df10595d7195b9693a4024a7d2d6edde .special-heading-inner-border{\nborder-color:#e9f0c1;\n}\n.av-special-heading.av-7k9u0w-df10595d7195b9693a4024a7d2d6edde .av-subheading{\nfont-size:15px;\n}\n<\/style>\n<div  class='av-special-heading av-7k9u0w-df10595d7195b9693a4024a7d2d6edde av-special-heading-h1 custom-color-heading blockquote modern-quote  avia-builder-el-4  avia-builder-el-no-sibling '><h1 class='av-special-heading-tag'  itemprop=\"headline\"  >CENTRO DE ESTUDIOS<\/h1><div class=\"special-heading-border\"><div class=\"special-heading-inner-border\"><\/div><\/div><\/div><\/div>\n\n<style type=\"text\/css\" data-created_by=\"avia_inline_auto\" id=\"style-css-av-4t9vk0-e81221834efbf18da3a77604bfc6184a\">\n.flex_column.av-4t9vk0-e81221834efbf18da3a77604bfc6184a{\nborder-radius:0px 0px 0px 0px;\npadding:10px 10px 10px 10px;\nbackground-color:#ffffff;\n}\n<\/style>\n<div  class='flex_column av-4t9vk0-e81221834efbf18da3a77604bfc6184a av_one_full  avia-builder-el-5  el_after_av_one_full  avia-builder-el-last  first flex_column_div  column-top-margin'     ><p><section  class='av_textblock_section av-361oao-1b9b4329a38360b13da68c60784a9ec7 '   itemscope=\"itemscope\" itemtype=\"https:\/\/schema.org\/CreativeWork\" ><div class='avia_textblock'  itemprop=\"text\" ><p>El Centro de Estudio es un espacio prospectivo del trabajo cinet\u00edfico de la AIPPF.<\/p>\n<p>El Centro de Estudios (CE) funciona bajo la coordinaci\u00f3n de su Responsable, nombrado por el CA con la Aprobaci\u00f3n del CS<\/p>\n<p><strong>El Centro de Estudios de la \u00a0\u00a0AIPCF cuenta con varios polos de producciones cient\u00edficas. Cada polo deber\u00e1 nombrar un responsable<\/strong>.<\/p>\n<p style=\"text-align: center;\"><strong>\u00a0<\/strong><strong>POLO 1. GRUPOS DE TRABAJO<\/strong><\/p>\n<p>El Centro de Estudios (CE) colabora \u200b\u200ben la organizaci\u00f3n de los grupos de investigaci\u00f3n asociados con universidades y grupos de enfoque cl\u00ednicos en relaci\u00f3n con el Consejo Cient\u00edfico<\/p>\n<p>Los grupos de trabajo se organizan en torno a una tarea que debe ser definida por sus propios miembros. Tambi\u00e9n deben elegir un portavoz qui\u00e9n ser\u00e1 el coordinador del grupo de funciones.<\/p>\n<p>Hay dos tipos de grupos de trabajo:<\/p>\n<p>&#8211; Los grupos de reflexi\u00f3n<\/p>\n<p>&#8211; Los grupos de investigaci\u00f3n<\/p>\n<p style=\"text-align: center;\"><a href=\"https:\/\/old.aipcf.net\/es\/miembros\/\">Ver la pagina\u00a0<\/a><\/p>\n<p><strong>Proposiciones de temas<\/strong><\/p>\n<ul>\n<li>Migraciones, parejas y familia<\/li>\n<li>La familia monoparental<\/li>\n<li>La familia homoparental<\/li>\n<li>El ancestro\u00a0: su lugar en la familia contempor\u00e1nea<\/li>\n<li>El trabajo multifamiliar: teor\u00eda y t\u00e9cnica<\/li>\n<li>Otros<\/li>\n<\/ul>\n<p style=\"text-align: center;\"><strong>POLO 2. BIBLIOGRAFIA Y BIBLIOTECA<\/strong><\/p>\n<ol>\n<li>BIBLIOGRAFIA INTERNACIONAL<\/li>\n<\/ol>\n<p>Le CE colabora a la actualizaci\u00f3n de la bibliograf\u00eda\u00a0 internacional organis\u00e9e por una doble entrada de nombre de autor y lengua.<\/p>\n<p style=\"text-align: center;\"><a href=\"https:\/\/old.aipcf.net\/es\/bibliografia\/\">Ver la pagina\u00a0<\/a><\/p>\n<ol start=\"2\">\n<li>BIBLIOTECA MULTILINGUE FUERA DE LA BIBLIOGRAF\u00cdA INTERNACIONAL<\/li>\n<\/ol>\n<p>EL CE colabora a la construcci\u00f3n de una biblioteca multilingue propuesta por el Colegio de Repesentantes. Este espacio es un repositorio donde se\u00a0 depositan publicaciones multilingues de libre\u00a0 acceso, para constituir un repertorio de textos o antiguos articulos, articulo autorizados por las revistas y ar\u00edtuclo en versions no publicadas en el campo del psicoan\u00e1lisis de pareja y familia.<\/p>\n<p style=\"text-align: center;\"><strong>POLO 3. REVISTA<\/strong><\/p>\n<p>EL CE colabora con la revista \u00a0sobre projectos a definer con su direcci\u00f3n.<\/p>\n<p style=\"text-align: center;\"><a href=\"https:\/\/old.aipcf.net\/es\/revista\/\">Ver la pagina<\/a><\/p>\n<p><strong>\u00a0<\/strong><\/p>\n<p><strong>\u00a0<\/strong><\/p>\n<\/div><\/section><br \/>\n<div  class='avia-button-wrap av-kysjwfd5-647d4f7a571dd0ddb5bc7d42fab63247-wrap avia-button-center  avia-builder-el-7  el_after_av_textblock  avia-builder-el-last '><a href='' class='avia-button av-kysjwfd5-647d4f7a571dd0ddb5bc7d42fab63247 avia-icon_select-yes-left-icon avia-size-small avia-position-center avia-color-theme-color' target=\"_blank\" rel=\"noopener noreferrer\"><span class='avia_button_icon avia_button_icon_left' aria-hidden='true' data-av_icon='\ue875' data-av_iconfont='entypo-fontello'><\/span><span class='avia_iconbox_title' >PDF<\/span><\/a><\/div><\/p><\/div>\n","protected":false},"excerpt":{"rendered":"","protected":false},"author":1,"featured_media":0,"parent":0,"menu_order":0,"comment_status":"closed","ping_status":"closed","template":"","meta":{"footnotes":""},"_links":{"self":[{"href":"https:\/\/old.aipcf.net\/es\/wp-json\/wp\/v2\/pages\/4368"}],"collection":[{"href":"https:\/\/old.aipcf.net\/es\/wp-json\/wp\/v2\/pages"}],"about":[{"href":"https:\/\/old.aipcf.net\/es\/wp-json\/wp\/v2\/types\/page"}],"author":[{"embeddable":true,"href":"https:\/\/old.aipcf.net\/es\/wp-json\/wp\/v2\/users\/1"}],"replies":[{"embeddable":true,"href":"https:\/\/old.aipcf.net\/es\/wp-json\/wp\/v2\/comments?post=4368"}],"version-history":[{"count":11,"href":"https:\/\/old.aipcf.net\/es\/wp-json\/wp\/v2\/pages\/4368\/revisions"}],"predecessor-version":[{"id":8023,"href":"https:\/\/old.aipcf.net\/es\/wp-json\/wp\/v2\/pages\/4368\/revisions\/8023"}],"wp:attachment":[{"href":"https:\/\/old.aipcf.net\/es\/wp-json\/wp\/v2\/media?parent=4368"}],"curies":[{"name":"wp","href":"https:\/\/api.w.org\/{rel}","templated":true}]}}