{"id":4372,"date":"2018-12-15T11:28:01","date_gmt":"2018-12-15T10:28:01","guid":{"rendered":"http:\/\/aipcf.net\/?page_id=4372"},"modified":"2018-12-19T11:00:13","modified_gmt":"2018-12-19T10:00:13","slug":"colegio-de-representantes","status":"publish","type":"page","link":"https:\/\/old.aipcf.net\/es\/colegio-de-representantes\/","title":{"rendered":"COLEGIO DE REPRESENTANTES"},"content":{"rendered":"<div id='av_section_1'  class='avia-section av-av_section-bb9bdb22c7f9e6bf1d52c155825dc7f7 main_color avia-section-default avia-no-shadow  avia-builder-el-0  el_before_av_hr  avia-builder-el-first  avia-bg-style-scroll container_wrap sidebar_right'  ><div class='container av-section-cont-open' ><main  role=\"main\" itemprop=\"mainContentOfPage\"  class='template-page content  av-content-small alpha units'><div class='post-entry post-entry-type-page post-entry-4372'><div class='entry-content-wrapper clearfix'>\n<section  class='av_textblock_section av-av_textblock-2de302bf1aa3cf4c9157dbe6f50ac7eb '   itemscope=\"itemscope\" itemtype=\"https:\/\/schema.org\/CreativeWork\" ><div class='avia_textblock'  itemprop=\"text\" ><h3 style=\"text-align: center;\">ASOCIACI\u00d3N INTERNACIONAL DE PSICOAN\u00c1LISIS DE PAREJA Y FAMILIA<\/h3>\n<\/div><\/section>\n<\/div><\/div><\/main><!-- close content main element --><\/div><\/div><div id='after_section_1'  class='main_color av_default_container_wrap container_wrap sidebar_right'  ><div class='container av-section-cont-open' ><div class='template-page content  av-content-small alpha units'><div class='post-entry post-entry-type-page post-entry-4372'><div class='entry-content-wrapper clearfix'>\n\n<style type=\"text\/css\" data-created_by=\"avia_inline_auto\" id=\"style-css-av-av_hr-bf74dd7152d7aac6af6ee7531069ad1d\">\n#top .hr.av-av_hr-bf74dd7152d7aac6af6ee7531069ad1d{\nmargin-top:0px;\nmargin-bottom:0px;\n}\n.hr.av-av_hr-bf74dd7152d7aac6af6ee7531069ad1d .hr-inner{\nwidth:100%;\nborder-color:#494949;\n}\n<\/style>\n<div  class='hr av-av_hr-bf74dd7152d7aac6af6ee7531069ad1d hr-custom  avia-builder-el-2  el_after_av_section  el_before_av_one_full  avia-builder-el-first  hr-center hr-icon-no'><span class='hr-inner inner-border-av-border-thin'><span class=\"hr-inner-style\"><\/span><\/span><\/div>\n\n<style type=\"text\/css\" data-created_by=\"avia_inline_auto\" id=\"style-css-av-av_one_full-5ea2cf213c77d181de912191d6671af7\">\n.flex_column.av-av_one_full-5ea2cf213c77d181de912191d6671af7{\nborder-radius:0px 0px 0px 0px;\npadding:20px 20px 20px 20px;\nbackground-color:#a52254;\n}\n<\/style>\n<div  class='flex_column av-av_one_full-5ea2cf213c77d181de912191d6671af7 av_one_full  avia-builder-el-3  el_after_av_hr  el_before_av_one_full  first flex_column_div  '     ><style type=\"text\/css\" data-created_by=\"avia_inline_auto\" id=\"style-css-av-av_heading-26c0604156e2a497a9cbed8ad3ee4752\">\n#top .av-special-heading.av-av_heading-26c0604156e2a497a9cbed8ad3ee4752{\npadding-bottom:10px;\ncolor:#e9f0c1;\n}\nbody .av-special-heading.av-av_heading-26c0604156e2a497a9cbed8ad3ee4752 .av-special-heading-tag .heading-char{\nfont-size:25px;\n}\n.av-special-heading.av-av_heading-26c0604156e2a497a9cbed8ad3ee4752 .special-heading-inner-border{\nborder-color:#e9f0c1;\n}\n.av-special-heading.av-av_heading-26c0604156e2a497a9cbed8ad3ee4752 .av-subheading{\nfont-size:15px;\n}\n<\/style>\n<div  class='av-special-heading av-av_heading-26c0604156e2a497a9cbed8ad3ee4752 av-special-heading-h1 custom-color-heading blockquote modern-quote  avia-builder-el-4  avia-builder-el-no-sibling '><h1 class='av-special-heading-tag'  itemprop=\"headline\"  >COLEGIO DE REPRESENTANTES<\/h1><div class=\"special-heading-border\"><div class=\"special-heading-inner-border\"><\/div><\/div><\/div><\/div>\n<style type=\"text\/css\" data-created_by=\"avia_inline_auto\" id=\"style-css-av-av_one_full-6ccc481f9026a663ec06f5d72211aba8\">\n.flex_column.av-av_one_full-6ccc481f9026a663ec06f5d72211aba8{\nborder-radius:0px 0px 0px 0px;\npadding:10px 10px 10px 10px;\nbackground-color:#ffffff;\n}\n<\/style>\n<div  class='flex_column av-av_one_full-6ccc481f9026a663ec06f5d72211aba8 av_one_full  avia-builder-el-5  el_after_av_one_full  avia-builder-el-last  first flex_column_div  column-top-margin'     ><section  class='av_textblock_section av-av_textblock-296959c11b9f7264336168730d1fd2bb '   itemscope=\"itemscope\" itemtype=\"https:\/\/schema.org\/CreativeWork\" ><div class='avia_textblock'  itemprop=\"text\" ><p>Su funci\u00f3n es la de hacer propuestas, por un lado, para informar a la Asociaci\u00f3n en sus diferentes pa\u00edses del ejercicio y en segundo lugar, para recoger las experiencias locales suseptibles\u00a0 de interezar\u00a0 a los miembros en general.<\/p>\n<p>El Colegio de Representantes es el eje operativo de la AIPCF en su integraci\u00f3n con la salud p\u00fablica y la medicina social en cada pa\u00eds.<\/p>\n<p>Este apoyado por la Junta para ayudar al desarrollo de las asociaciones regionales y ser un apoyo cient\u00edfico para el desarrollo de nuevas asociaciones en los pa\u00edses donde no se conoce el pensamiento psicoanal\u00edtico de la pareja y la familia.<\/p>\n<p>Se compone de un representante de cada asociaci\u00f3n y un representante de los miembros del grupo individual.<\/p>\n<p><strong>\u00a0<\/strong><strong>El colegio de Representantes de la AIPPF cuenta con varios polos de producciones cient\u00edficas<\/strong><\/p>\n<p style=\"text-align: center;\"><strong>\u00a0<\/strong><strong>POLO 1. \u00a0LOS MODELOS TERAPEUTICOS<\/strong><\/p>\n<p>El Colegio de Representantes en colaboracion con el CE se interesa a la elaboraci\u00f3n \u00a0y a \u00a0la difusi\u00f3n de los modelos terap\u00e9uticos que que resultan de diferentes orientaciones en el psicoan\u00e1lisis de pareja y familia.<\/p>\n<p style=\"text-align: center;\"><a href=\"https:\/\/old.aipcf.net\/es\/modelos\/\">Ver la pagina\u00a0<\/a><\/p>\n<p style=\"text-align: center;\"><strong>POLO 2. VOCABULARIO<\/strong><\/p>\n<p>El CR colabora con el CE y la Revista para recoger la base de conceptos vigentes en el psicoanalisis de pareja y familia.<\/p>\n<p style=\"text-align: center;\"><a href=\"https:\/\/old.aipcf.net\/es\/conceptos\/\">Ver la pagina\u00a0<\/a><\/p>\n<p style=\"text-align: center;\"><strong>POLO 3. CONFERENCIAS Y CURSOS<\/strong><\/p>\n<p>EL CE acompa\u00f1a la puesta en marcha de conferencias y cursos presenciales y en l\u00ednea. Esos\u00a0 ser\u00e1n organizadas por el Colegio de Representantes y aprobados por el Consejo Cient\u00edfico.<\/p>\n<p>El AIPCF, a trav\u00e9s de los Representantes del Colegio de representantes implementar\u00e1 conferencias y cursos para sus miembros y otras personas interesadas en tres idiomas, con el fin de difundir las diversas corrientes internacionales de par psicoanal\u00edtica y la familia.<\/p>\n<p style=\"text-align: center;\"><strong>POLO 4. VIDEOTECA <\/strong><\/p>\n<p>EL CR en conjunto con el CE participa a la construcci\u00f3n de una videoteca (difusi\u00f3n de charlas, cursos y otros) .<\/p>\n<\/div><\/section><\/div><\/p>\n","protected":false},"excerpt":{"rendered":"","protected":false},"author":1,"featured_media":0,"parent":0,"menu_order":0,"comment_status":"closed","ping_status":"closed","template":"","meta":{"footnotes":""},"_links":{"self":[{"href":"https:\/\/old.aipcf.net\/es\/wp-json\/wp\/v2\/pages\/4372"}],"collection":[{"href":"https:\/\/old.aipcf.net\/es\/wp-json\/wp\/v2\/pages"}],"about":[{"href":"https:\/\/old.aipcf.net\/es\/wp-json\/wp\/v2\/types\/page"}],"author":[{"embeddable":true,"href":"https:\/\/old.aipcf.net\/es\/wp-json\/wp\/v2\/users\/1"}],"replies":[{"embeddable":true,"href":"https:\/\/old.aipcf.net\/es\/wp-json\/wp\/v2\/comments?post=4372"}],"version-history":[{"count":3,"href":"https:\/\/old.aipcf.net\/es\/wp-json\/wp\/v2\/pages\/4372\/revisions"}],"predecessor-version":[{"id":4463,"href":"https:\/\/old.aipcf.net\/es\/wp-json\/wp\/v2\/pages\/4372\/revisions\/4463"}],"wp:attachment":[{"href":"https:\/\/old.aipcf.net\/es\/wp-json\/wp\/v2\/media?parent=4372"}],"curies":[{"name":"wp","href":"https:\/\/api.w.org\/{rel}","templated":true}]}}