{"id":558,"date":"2017-03-16T08:54:43","date_gmt":"2017-03-16T07:54:43","guid":{"rendered":"http:\/\/aipcf-psy.com\/?page_id=558\/"},"modified":"2018-02-02T19:29:36","modified_gmt":"2018-02-02T18:29:36","slug":"miembros","status":"publish","type":"page","link":"https:\/\/old.aipcf.net\/es\/miembros\/","title":{"rendered":"MIEMBROS"},"content":{"rendered":"<div id='av_section_1'  class='avia-section av-av_section-bb9bdb22c7f9e6bf1d52c155825dc7f7 main_color avia-section-default avia-no-shadow  avia-builder-el-0  el_before_av_button_big  avia-builder-el-first  avia-bg-style-scroll container_wrap sidebar_right'  ><div class='container av-section-cont-open' ><main  role=\"main\" itemprop=\"mainContentOfPage\"  class='template-page content  av-content-small alpha units'><div class='post-entry post-entry-type-page post-entry-558'><div class='entry-content-wrapper clearfix'>\n<section  class='av_textblock_section av-av_textblock-0366cc7376be6c9e82a3e9cc8987b64f '   itemscope=\"itemscope\" itemtype=\"https:\/\/schema.org\/CreativeWork\" ><div class='avia_textblock'  itemprop=\"text\" ><h3 style=\"text-align: center;\">ASOCIACI\u00d3N INTERNACIONAL DE PSICOAN\u00c1LISIS DE PAREJA Y FAMILIA<\/h3>\n<\/div><\/section>\n\n<div  class='avia-button-wrap avia-button-center  avia-builder-el-2  el_after_av_section  el_before_av_one_third '>\n<style type=\"text\/css\" data-created_by=\"avia_inline_auto\" id=\"style-css-av-av_button_big-5751024960641cf545c9c88b342ae87d\">\n#top #wrap_all .avia-button.av-av_button_big-5751024960641cf545c9c88b342ae87d{\ncolor:#ffffff;\ntransition:all 0.4s ease-in-out;\n}\n#top #wrap_all .avia-button.av-av_button_big-5751024960641cf545c9c88b342ae87d:hover{\nbackground-color:#dce500;\ncolor:#ffffff;\ntransition:all 0.4s ease-in-out;\n}\n<\/style>\n<a href='http:\/\/aipcf.net\/membres\/' class='avia-color-theme-color avia-button avia-button-fullwidth av-av_button_big-5751024960641cf545c9c88b342ae87d avia-icon_select-yes-left-icon avia-color-theme-color' target=\"_blank\" rel=\"noopener noreferrer\"><span class='avia_button_icon avia_button_icon_left' aria-hidden='true' data-av_icon='\ue87d' data-av_iconfont='entypo-fontello'><\/span><span class='avia_iconbox_title' >Acceder al espacio para Miembros<\/span><\/a><\/div>\n<div class='flex_column_table av-av_one_third-c25324346207ce81ab6a625148ecc4f0 sc-av_one_third av-equal-height-column-flextable'>\n<style type=\"text\/css\" data-created_by=\"avia_inline_auto\" id=\"style-css-av-av_one_third-c25324346207ce81ab6a625148ecc4f0\">\n.flex_column.av-av_one_third-c25324346207ce81ab6a625148ecc4f0{\nborder-width:1px;\nborder-color:#adadad;\nborder-style:solid;\nborder-radius:0px 0px 0px 0px;\npadding:20px 20px 20px 20px;\n}\n<\/style>\n<div  class='flex_column av-av_one_third-c25324346207ce81ab6a625148ecc4f0 av_one_third  avia-builder-el-3  el_after_av_button_big  el_before_av_two_third  avia-builder-el-first  first flex_column_table_cell av-equal-height-column av-align-top  '     ><section  class='av_textblock_section av-av_textblock-396ddf1f42196ca838231e61a4602801 '   itemscope=\"itemscope\" itemtype=\"https:\/\/schema.org\/CreativeWork\" ><div class='avia_textblock'  itemprop=\"text\" ><h2>DE LOS MIEMBROS<\/h2>\n<\/div><\/section><br \/>\n<section  class='av_textblock_section av-av_textblock-396ddf1f42196ca838231e61a4602801 '   itemscope=\"itemscope\" itemtype=\"https:\/\/schema.org\/CreativeWork\" ><div class='avia_textblock'  itemprop=\"text\" ><p><strong>ART\u00cdCULO 8. <\/strong><em>Las condiciones de admisi\u00f3n.<\/em><\/p>\n<p>Las personas f\u00edsicas o jur\u00eddicas que desean ser miembros de la Asociaci\u00f3n deber\u00e1n satisfacer los criterios siguientes (admisiones directas), o garantizarlos en sus miembros (admisi\u00f3n de una asociaci\u00f3n o secci\u00f3n de asociaci\u00f3n):<\/p>\n<p>\u2011 1. Psicoan\u00e1lisis personal o psicoterapia psicoanal\u00edtica individual; se aconseja un psicoan\u00e1lisis grupal es aconsejado.<\/p>\n<p>\u2011 2. Formaci\u00f3n en la terapia psicoanal\u00edtica (o en psicoan\u00e1lisis) de pareja y\/o en\u00a0la terapia psicoanal\u00edtica (o en\u00a0psicoan\u00e1lisis) familiar, y formaci\u00f3n eventualmente en\u00a0la terapia psicoanal\u00edtica (o en\u00a0psicoan\u00e1lisis) de grupo.<\/p>\n<p>\u2011 3. Pr\u00e1ctica efectiva.<\/p>\n<\/div><\/section><br \/>\n<section  class='av_textblock_section av-av_textblock-396ddf1f42196ca838231e61a4602801 '   itemscope=\"itemscope\" itemtype=\"https:\/\/schema.org\/CreativeWork\" ><div class='avia_textblock'  itemprop=\"text\" ><h3>Candidature<\/h3>\n<p>Para proponerse a una candidatura debe enviar su cv y una carta de motivaci\u00f3n acompa\u00f1ada de dos carta de presentaci\u00f3n redactadas por miembros titulares que pertenezcan a la AIPPF. La Comisi\u00f3n de Admisi\u00f3n responder\u00e1 a la solicitud.<\/p>\n<\/div><\/section><br \/>\n<form action=\"https:\/\/old.aipcf.net\/es\/miembros\/\" method=\"post\" data-fields-with-error=\"Found errors in the following field(s):\" class=\"avia_ajax_form av-form-labels-visible   avia-builder-el-7  el_after_av_textblock  avia-builder-el-last   \" data-avia-form-id=\"1\" data-avia-redirect='' ><h3 class=''>Gracias por enviarnos su solicitud de candidatura<\/h3><fieldset><p class='  first_form  form_element form_fullwidth' id='element_avia_1_1'><label for=\"avia_1_1\">Nombre <abbr class=\"required\" title=\"requerido\">*<\/abbr><\/label> <input name=\"avia_1_1\" class=\"text_input is_empty\" type=\"text\" id=\"avia_1_1\" value=\"\" \/><\/p><p class='  first_form  form_element form_fullwidth' id='element_avia_2_1'><label for=\"avia_2_1\">Correo electr\u00f3nico - mail  <abbr class=\"required\" title=\"requerido\">*<\/abbr><\/label> <input name=\"avia_2_1\" class=\"text_input is_email\" type=\"text\" id=\"avia_2_1\" value=\"\" \/><\/p><p class='  first_form  form_element form_fullwidth' id='element_avia_3_1'><label for=\"avia_3_1\">Asunto <abbr class=\"required\" title=\"requerido\">*<\/abbr><\/label> <input name=\"avia_3_1\" class=\"text_input is_empty\" type=\"text\" id=\"avia_3_1\" value=\"\" \/><\/p><p class='  first_form  form_element form_fullwidth av-last-visible-form-element' id='element_avia_4_1'><label for=\"avia_4_1\" class=\"textare_label hidden textare_label_avia_4_1\">Mensaje <abbr class=\"required\" title=\"requerido\">*<\/abbr><\/label><textarea  name=\"avia_4_1\" class=\"text_area is_empty\" cols=\"40\" rows=\"7\" id=\"avia_4_1\" ><\/textarea><\/p><p class=\"hidden\"><input type=\"text\" name=\"avia_5_1\" class=\"hidden \" id=\"avia_5_1\" value=\"\" \/><\/p><p class=\"form_element \"><input type=\"hidden\" value=\"1\" name=\"avia_generated_form1\" \/><input type=\"submit\" value=\"Validar\" class=\"button\"  data-sending-label=\"Enviando\"\/><\/p><\/fieldset><\/form><div id=\"ajaxresponse_1\" class=\"ajaxresponse ajaxresponse_1 hidden\"><\/div><\/p><\/div>\n<div class='av-flex-placeholder'><\/div>\n<style type=\"text\/css\" data-created_by=\"avia_inline_auto\" id=\"style-css-av-av_two_third-7db28fda6876469a0184c19f89de3fb8\">\n.flex_column.av-av_two_third-7db28fda6876469a0184c19f89de3fb8{\nborder-radius:0px 0px 0px 0px;\npadding:20px 20px 20px 20px;\nbackground-color:#ffffff;\n}\n<\/style>\n<div  class='flex_column av-av_two_third-7db28fda6876469a0184c19f89de3fb8 av_two_third  avia-builder-el-8  el_after_av_one_third  avia-builder-el-last  flex_column_table_cell av-equal-height-column av-align-top  '     ><section  class='av_textblock_section av-av_textblock-0366cc7376be6c9e82a3e9cc8987b64f '   itemscope=\"itemscope\" itemtype=\"https:\/\/schema.org\/CreativeWork\" ><div class='avia_textblock'  itemprop=\"text\" ><h2>CENTRO DE ESTUDIOS AIPPF<\/h2>\n<\/div><\/section><br \/>\n<div  class='avia-button-wrap av-av_button-af11a32820f75ba064d246406088ec0a-wrap avia-button-left  avia-builder-el-10  el_after_av_textblock  el_before_av_hr '><a href='http:\/\/aipcf.net\/membres\/groupes-de-recherche\/'  class='avia-button av-av_button-af11a32820f75ba064d246406088ec0a avia-icon_select-yes-left-icon avia-size-medium avia-position-left avia-color-theme-color'  ><span class='avia_button_icon avia_button_icon_left' aria-hidden='true' data-av_icon='\ue87d' data-av_iconfont='entypo-fontello'><\/span><span class='avia_iconbox_title' >Acceder a los grupos de investigaci\u00f3n<\/span><\/a><\/div><br \/>\n\n<style type=\"text\/css\" data-created_by=\"avia_inline_auto\" id=\"style-css-av-av_hr-ee2847e2e025ce3d30801259a03f9fd4\">\n#top .hr.hr-invisible.av-av_hr-ee2847e2e025ce3d30801259a03f9fd4{\nheight:10px;\n}\n<\/style>\n<div  class='hr av-av_hr-ee2847e2e025ce3d30801259a03f9fd4 hr-invisible  avia-builder-el-11  el_after_av_button  el_before_av_button '><span class='hr-inner '><span class=\"hr-inner-style\"><\/span><\/span><\/div><br \/>\n<div  class='avia-button-wrap av-av_button-cab2806bff1ed7fd6db71fe4833b96bf-wrap avia-button-left  avia-builder-el-12  el_after_av_hr  el_before_av_textblock '><a href='http:\/\/aipcf.net\/membres\/groupes-de-reflexion\/'  class='avia-button av-av_button-cab2806bff1ed7fd6db71fe4833b96bf avia-icon_select-yes-left-icon avia-size-medium avia-position-left avia-color-theme-color'  ><span class='avia_button_icon avia_button_icon_left' aria-hidden='true' data-av_icon='\ue87d' data-av_iconfont='entypo-fontello'><\/span><span class='avia_iconbox_title' >Acceder a los grupos de reflexi\u00f3n<\/span><\/a><\/div><br \/>\n<section  class='av_textblock_section av-av_textblock-396ddf1f42196ca838231e61a4602801 '   itemscope=\"itemscope\" itemtype=\"https:\/\/schema.org\/CreativeWork\" ><div class='avia_textblock'  itemprop=\"text\" ><h2><\/h2>\n<h2><\/h2>\n<p>La Junta Directiva propone crear un Centro de Estudios para centralizar el conjunto de aportes cient\u00edficos de cada uno de sus miembros. Este Centro de Estudios pretende potenciar la creaci\u00f3n de Grupos de Trabajo entre sus socios.<br \/>\nLos Grupos de Trabajo se organizan alrededor de una tarea que es\u00a0definida por sus propios miembros y eligen un portavoz que cumple las funciones de coordinador del Grupo.<\/p>\n<p>Existen dos tipolog\u00edas de grupo de Trabajo:<br \/>\nGrupo de Reflexi\u00f3n<br \/>\nGrupo de Investigaci\u00f3n<\/p>\n<p>Los <strong>Grupos de Reflexi\u00f3n<\/strong> realizan una propuesta de trabajo grupal, te\u00f3rica y cl\u00ednica sobre una tarea determinada, a trav\u00e9s de la discusi\u00f3n reflexiva, las lecturas, la din\u00e1mica de grupo y la propia experiencia. De esta manera, \u00a0los miembros profundizan la tem\u00e1tica propuesta y llegan a sus conclusiones.<\/p>\n<p>Estos Grupos de Reflexi\u00f3n requieren, como m\u00ednimo de tres participantes, y pueden reunirse de forma presencial, de forma virtual directa o de forma virtual indirecta.<\/p>\n<p>En los Grupos de Reflexi\u00f3n el foco est\u00e1 puesto en la tarea y en el funcionamiento vincular de los materiales a trabajar. Se trata de analizar el material\u00a0cl\u00ednico en el campo transfero, contra e intertransferencial.<\/p>\n<p>Los <strong>Grupos de Investigaci\u00f3n<\/strong> cient\u00edfica son un conjunto de personas que se re\u00fanen para hacer investigaci\u00f3n en una tem\u00e1tica determinada. \u00a0Formulan los objetivos e hip\u00f3tesis, definen una metodolog\u00eda cient\u00edfica (cuantitativa o cualitativa), y trazan un plan estrat\u00e9gico a mediano y largo plazo para trabajar en \u00e9l. De este modo producen resultados de conocimiento sobre el tema en cuesti\u00f3n.<\/p>\n<p>Un grupo de investigaci\u00f3n est\u00e1 constituido\u00a0por un m\u00ednimo de 3 personas que trabajan intencionadamente en un plan, prop\u00f3sito o agenda organizada por proyectos y programas de investigaci\u00f3n durante un tiempo suficiente para producir resultados de conocimiento.<\/p>\n<p>Su quehacer tiene como prop\u00f3sito el logro de resultados de calidad que sean pertinentes y visibles. Este trabajo tiene la intenci\u00f3n de lograr resultados tangibles y verificables que cumplan los objetivos fijados, fruto de proyectos y otras actividades de investigaci\u00f3n convenientemente expresadas en un plan de acci\u00f3n (proyectos) debidamente formalizado. Donde cada una de estas actividades se registran en el curr\u00edculo de cada investigador y despu\u00e9s en el grupo de investigaci\u00f3n.<\/p>\n<p>Los resultados\u00a0 de trabajo de los Grupos de Reflexi\u00f3n y de los Grupos de Investigaci\u00f3n, ser\u00e1n presentados en los congresos, publicados y difundidos por la Asociaci\u00f3n.<\/p>\n<\/div><\/section><\/p><\/div><\/div><!--close column table wrapper. Autoclose: 1 -->\n","protected":false},"excerpt":{"rendered":"","protected":false},"author":1,"featured_media":0,"parent":0,"menu_order":0,"comment_status":"closed","ping_status":"closed","template":"","meta":{"footnotes":""},"_links":{"self":[{"href":"https:\/\/old.aipcf.net\/es\/wp-json\/wp\/v2\/pages\/558"}],"collection":[{"href":"https:\/\/old.aipcf.net\/es\/wp-json\/wp\/v2\/pages"}],"about":[{"href":"https:\/\/old.aipcf.net\/es\/wp-json\/wp\/v2\/types\/page"}],"author":[{"embeddable":true,"href":"https:\/\/old.aipcf.net\/es\/wp-json\/wp\/v2\/users\/1"}],"replies":[{"embeddable":true,"href":"https:\/\/old.aipcf.net\/es\/wp-json\/wp\/v2\/comments?post=558"}],"version-history":[{"count":15,"href":"https:\/\/old.aipcf.net\/es\/wp-json\/wp\/v2\/pages\/558\/revisions"}],"predecessor-version":[{"id":9443,"href":"https:\/\/old.aipcf.net\/es\/wp-json\/wp\/v2\/pages\/558\/revisions\/9443"}],"wp:attachment":[{"href":"https:\/\/old.aipcf.net\/es\/wp-json\/wp\/v2\/media?parent=558"}],"curies":[{"name":"wp","href":"https:\/\/api.w.org\/{rel}","templated":true}]}}