{"id":705,"date":"2017-03-20T19:36:40","date_gmt":"2017-03-20T18:36:40","guid":{"rendered":"http:\/\/aipcf-psy.com\/?page_id=705\/"},"modified":"2018-02-03T17:56:18","modified_gmt":"2018-02-03T16:56:18","slug":"conceptos","status":"publish","type":"page","link":"https:\/\/old.aipcf.net\/es\/conceptos\/","title":{"rendered":"CONCEPTOS"},"content":{"rendered":"<div id='av_section_1'  class='avia-section av-av_section-bb9bdb22c7f9e6bf1d52c155825dc7f7 main_color avia-section-default avia-no-shadow  avia-builder-el-0  el_before_av_one_full  avia-builder-el-first  avia-bg-style-scroll container_wrap sidebar_right'  ><div class='container av-section-cont-open' ><main  role=\"main\" itemprop=\"mainContentOfPage\"  class='template-page content  av-content-small alpha units'><div class='post-entry post-entry-type-page post-entry-705'><div class='entry-content-wrapper clearfix'>\n<section  class='av_textblock_section av-av_textblock-0366cc7376be6c9e82a3e9cc8987b64f '   itemscope=\"itemscope\" itemtype=\"https:\/\/schema.org\/CreativeWork\" ><div class='avia_textblock'  itemprop=\"text\" ><h3 style=\"text-align: center;\">ASOCIACI\u00d3N INTERNACIONAL DE PSICOAN\u00c1LISIS DE PAREJA Y FAMILIA<\/h3>\n<\/div><\/section>\n<\/div><\/div><\/main><!-- close content main element --><\/div><\/div><div id='after_section_1'  class='main_color av_default_container_wrap container_wrap sidebar_right'  ><div class='container av-section-cont-open' ><div class='template-page content  av-content-small alpha units'><div class='post-entry post-entry-type-page post-entry-705'><div class='entry-content-wrapper clearfix'>\n\n<style type=\"text\/css\" data-created_by=\"avia_inline_auto\" id=\"style-css-av-av_one_full-5ea2cf213c77d181de912191d6671af7\">\n.flex_column.av-av_one_full-5ea2cf213c77d181de912191d6671af7{\nborder-radius:0px 0px 0px 0px;\npadding:20px 20px 20px 20px;\nbackground-color:#a52254;\n}\n<\/style>\n<div  class='flex_column av-av_one_full-5ea2cf213c77d181de912191d6671af7 av_one_full  avia-builder-el-2  el_after_av_section  el_before_av_one_full  avia-builder-el-first  first flex_column_div  '     ><style type=\"text\/css\" data-created_by=\"avia_inline_auto\" id=\"style-css-av-av_heading-bcf52dc39bfd73727673312632398a57\">\n#top .av-special-heading.av-av_heading-bcf52dc39bfd73727673312632398a57{\npadding-bottom:10px;\ncolor:#e9f0c1;\n}\nbody .av-special-heading.av-av_heading-bcf52dc39bfd73727673312632398a57 .av-special-heading-tag .heading-char{\nfont-size:25px;\n}\n.av-special-heading.av-av_heading-bcf52dc39bfd73727673312632398a57 .special-heading-inner-border{\nborder-color:#e9f0c1;\n}\n.av-special-heading.av-av_heading-bcf52dc39bfd73727673312632398a57 .av-subheading{\nfont-size:15px;\n}\n<\/style>\n<div  class='av-special-heading av-av_heading-bcf52dc39bfd73727673312632398a57 av-special-heading-h1 custom-color-heading blockquote modern-quote  avia-builder-el-3  avia-builder-el-no-sibling '><h1 class='av-special-heading-tag'  itemprop=\"headline\"  >CONCEPTOS<\/h1><div class=\"special-heading-border\"><div class=\"special-heading-inner-border\"><\/div><\/div><\/div><\/div>\n\n<style type=\"text\/css\" data-created_by=\"avia_inline_auto\" id=\"style-css-av-av_one_full-4342025b96778889e67d19eb756607b9\">\n.flex_column.av-av_one_full-4342025b96778889e67d19eb756607b9{\nborder-radius:0px 0px 0px 0px;\npadding:30px 30px 30px 30px;\nbackground-color:#ffffff;\n}\n<\/style>\n<div  class='flex_column av-av_one_full-4342025b96778889e67d19eb756607b9 av_one_full  avia-builder-el-4  el_after_av_one_full  el_before_av_one_full  first flex_column_div  column-top-margin'     ><p>\n<style type=\"text\/css\" data-created_by=\"avia_inline_auto\" id=\"style-css-av-av_heading-f61196dded169ed6d834d05ad1c11dd4\">\n#top .av-special-heading.av-av_heading-f61196dded169ed6d834d05ad1c11dd4{\npadding-bottom:10px;\n}\nbody .av-special-heading.av-av_heading-f61196dded169ed6d834d05ad1c11dd4 .av-special-heading-tag .heading-char{\nfont-size:25px;\n}\n.av-special-heading.av-av_heading-f61196dded169ed6d834d05ad1c11dd4 .av-subheading{\nfont-size:15px;\n}\n<\/style>\n<div  class='av-special-heading av-av_heading-f61196dded169ed6d834d05ad1c11dd4 av-special-heading-h1 blockquote modern-quote  avia-builder-el-5  el_before_av_textblock  avia-builder-el-first '><h1 class='av-special-heading-tag'  itemprop=\"headline\"  >Los conceptos que inspiran el trabajo de los psicoanalistas de pareja y familia<\/h1><div class='av-subheading av-subheading_below'><p>An\u00e1lisis cuantitativo y cualitativo del contenido de una encuesta<\/p>\n<\/div><div class=\"special-heading-border\"><div class=\"special-heading-inner-border\"><\/div><\/div><\/div><br \/>\n<section  class='av_textblock_section av-av_textblock-0366cc7376be6c9e82a3e9cc8987b64f '   itemscope=\"itemscope\" itemtype=\"https:\/\/schema.org\/CreativeWork\" ><div class='avia_textblock'  itemprop=\"text\" ><div class=\"issuuembed\" style=\"width: 100%; height: 450px;\" data-configid=\"28380524\/44735611\"><\/div>\n<p><script type=\"text\/javascript\" src=\"\/\/e.issuu.com\/embed.js\" async=\"true\"><\/script><\/p>\n<\/div><\/section><br \/>\n<div  class='avia-button-wrap av-av_button-3ef69f3ed3589c3b7bf21bec1b4068f9-wrap avia-button-center  avia-builder-el-7  el_after_av_textblock  avia-builder-el-last '><a href='http:\/\/aipcf.net\/wp-content\/uploads\/2017\/02\/recherche-concepts-qui-inspirent-le-travail-des-psychanalystes-de-couple-et-de-famille-RAPPORT-3-FR_201448131819.pdf' class='avia-button av-av_button-3ef69f3ed3589c3b7bf21bec1b4068f9 avia-icon_select-yes-left-icon avia-size-medium avia-position-center avia-color-theme-color' target=\"_blank\" rel=\"noopener noreferrer\"><span class='avia_button_icon avia_button_icon_left' aria-hidden='true' data-av_icon='\ue82d' data-av_iconfont='entypo-fontello'><\/span><span class='avia_iconbox_title' >Descargar el informe en formato PDF<\/span><\/a><\/div><\/p><\/div>\n<style type=\"text\/css\" data-created_by=\"avia_inline_auto\" id=\"style-css-av-av_one_full-774ec72dec470c6794d99fbbf76bfdbc\">\n.flex_column.av-av_one_full-774ec72dec470c6794d99fbbf76bfdbc{\nborder-radius:0px 0px 0px 0px;\npadding:30px 30px 30px 30px;\nbackground-color:#d7e142;\n}\n<\/style>\n<div  class='flex_column av-av_one_full-774ec72dec470c6794d99fbbf76bfdbc av_one_full  avia-builder-el-8  el_after_av_one_full  avia-builder-el-last  first flex_column_div  column-top-margin'     ><p>\n<style type=\"text\/css\" data-created_by=\"avia_inline_auto\" id=\"style-css-av-av_heading-1ee2574dd2b00869887de2e60b6b7519\">\n#top .av-special-heading.av-av_heading-1ee2574dd2b00869887de2e60b6b7519{\npadding-bottom:10px;\n}\nbody .av-special-heading.av-av_heading-1ee2574dd2b00869887de2e60b6b7519 .av-special-heading-tag .heading-char{\nfont-size:25px;\n}\n.av-special-heading.av-av_heading-1ee2574dd2b00869887de2e60b6b7519 .av-subheading{\nfont-size:15px;\n}\n<\/style>\n<div  class='av-special-heading av-av_heading-1ee2574dd2b00869887de2e60b6b7519 av-special-heading-h2 blockquote modern-quote  avia-builder-el-9  el_before_av_table  avia-builder-el-first '><h2 class='av-special-heading-tag'  itemprop=\"headline\"  >Tabla 2 Investigaci\u00f3n sobre los conceptos. An\u00e1lisis de los resultados cuantitativos . S\u00edntesis por casillero de&#8230;<\/h2><div class='av-subheading av-subheading_below'><p>N\u00famero de respuestas, Total de t\u00e9rminos, T\u00e9rminos no pertinentes, T\u00e9rmino m\u00e1s frecuente, Otros t\u00e9rminos,<br \/>\nNeo-conceptos, Notas<\/p>\n<\/div><div class=\"special-heading-border\"><div class=\"special-heading-inner-border\"><\/div><\/div><\/div><br \/>\n<div class='avia-data-table-wrap av-av_table-7e2c9c152baae5068c63177422275d49 avia_scrollable_table avia-table-1'><table  class='avia-table avia-data-table avia_pricing_default  avia-builder-el-10  el_after_av_heading  avia-builder-el-last '  itemscope=\"itemscope\" itemtype=\"https:\/\/schema.org\/Table\" ><tbody><tr class='avia-heading-row'><th class='avia-desc-col'><\/th><th class=''>PSICOAN\u00c1LISIS<br \/>\nINDIVIDUAL<\/th><th class=''>PSICOAN\u00c1LISIS<br \/>\nINTERSUBJETIVO<\/th><th class=''>PSICOAN\u00c1LISIS<br \/>\nGRUPAL<\/th><th class=''>PSICOAN\u00c1LISIS<br \/>\nFAMILIAR<\/th><th class=''>PSICOAN\u00c1LISIS DE<br \/>\nPAREJA<\/th><\/tr><tr class=''><th class='avia-desc-col'>TEOR\u00cdA<\/th><td class=''>Respuestas: 18<br \/>\nTotal de t\u00e9rminos: 119<br \/>\nT\u00e9rminos no pertinentes<br \/>\n: 7<br \/>\nNeo-conceptos y neologismos: 3<br \/>\nT\u00e9rmino m\u00e1s frecuente:<br \/>\nPulsi\u00f3n, 9 = 7,5 %.<br \/>\nOtro: Narcisism<\/td><td class=''>Respuestas:10<br \/>\nTotal: 55<br \/>\nNo pertinentes: raros<br \/>\nNeo-conceptos:3<br \/>\nM\u00e1s frecuente: V\u00ednculo,<br \/>\n5=10 %<\/td><td class=''>Respuestas:11<br \/>\nTotal: 64<br \/>\nNo pertinentes:5<br \/>\nNeo-conceptos:0<br \/>\nM\u00e1s frecuente:Ilusi\u00f3n<br \/>\ngrupal, 9=14%<\/td><td class=''>Respuestas:17<br \/>\nTotal: 128<br \/>\nNo pertinentes:3<br \/>\nNeo-conceptos: 10<br \/>\nM\u00e1s frecuente:<br \/>\nTransgeneracional<br \/>\n, 15=12%<br \/>\nOtros: Alianzas inconscientes<br \/>\n, 9.<br \/>\nMitofamiliar, 8.<br \/>\nEl casillero donde figuran<br \/>\nm\u00e1s t\u00e9rminos, se encuentra<br \/>\nla mayor frecuencia<br \/>\nde un conceptoy m\u00e1s conceptos del total<br \/>\n(ex-aequo con PP-P yT)<\/td><td class=''>Respuestas:19<br \/>\nTotal: 96<br \/>\nNo pertinentes:raros<br \/>\nNeo-conceptos:8<br \/>\nM\u00e1s frecuente:<br \/>\nV\u00ednculos de pareja y Contrato<br \/>\n: 8=8 %<br \/>\nEl casillero que recibi\u00f3<br \/>\nm\u00e1s respuestas:19<br \/>\n<\/td><\/tr><tr class=''><th class='avia-desc-col'>CL\u00cdNICA<\/th><td class=''>Respuestas:15<br \/>\nTotal: 64<br \/>\nNo pertinentes:14= 22 %<br \/>\nNeo-conceptos:1<br \/>\nM\u00e1s frecuente:<br \/>\nTrauma, 5<\/td><td class=''>Respuestas:9<br \/>\nTotal: 39<br \/>\nNo pertinentes:5, = 12 %<br \/>\nNeo-conceptos:1<br \/>\nM\u00e1s frecuente:Trastornos del narcisismo, 4 = 10%<\/td><td class=''>Respuestas:8<br \/>\nTotal: 34<br \/>\nNo pertinentes:6<br \/>\nNeo-conceptos:3<br \/>\nM\u00e1s frecuente:<br \/>\nRegresi\u00f3n, 3<br \/>\nEl casillero que<br \/>\ntuvo menos respuestas<\/td><td class=''>Respuestas:17<br \/>\nTotal: 102<br \/>\nNo pertinentes:18, 14%<br \/>\nNeo-conceptos:7<br \/>\nM\u00e1s frecuente:<br \/>\nFamilia y V\u00ednculo con<br \/>\nprecisiones psicopatol\u00f3gicas,<br \/>\nIncestual, Trauma, 4.<\/td><td class=''>Respuestas:17<br \/>\nTotal: 96<br \/>\nNo pertinentes:23 = 27%<br \/>\nNeo-conceptos:6<br \/>\nM\u00e1s frecuente:<br \/>\nvarios t\u00e9rminos, 3<\/td><\/tr><tr class=''><th class='avia-desc-col'>PRACTICA Y TECNICA<\/th><td class=''>Respuestas:17<br \/>\nTotal: 80<br \/>\nNo pertinentes:raros<br \/>\nNeo-conceptos:2<br \/>\nM\u00e1s frecuente:<br \/>\nInterpretaci\u00f3n:13 = 16%<br \/>\nAutres: Transfert, 10<br \/>\nCasillero donde se encuentra elconcepto m\u00e1s citado proporcionalmente<br \/>\ncon el n\u00famero total (en ex-aequo con PP-P et T)<\/td><td class=''>Respuestas:9<br \/>\nTotal: 32<br \/>\nNo pertinentes:raros<br \/>\nNeo-conceptos:1<br \/>\nM\u00e1s frecuente:Interpretaci\u00f3n:3<br \/>\nEl casillero donde el n\u00famero de conceptos es el m\u00e1s reducido<\/td><td class=''>Respuestas:10<br \/>\nTotal: 41<br \/>\nNo pertinentes:raros<br \/>\nNeo-conceptos:0<br \/>\nM\u00e1s frecuentes:<br \/>\nIntertransferencia, Transferencia, 5<\/td><td class=''>Respuestas:16<br \/>\nTotal: 100<br \/>\nNo pertinentes:4<br \/>\nNeo-conceptos: 10<br \/>\nM\u00e1s frecuente:<br \/>\nTransferencia, 11= 11%<br \/>\nEl casillero donde se encuentran m\u00e1s<br \/>\nneo-conceptos<br \/>\n(ex-aequo conPF-Teor\u00eda)<\/td><td class=''>Respuestas:17<br \/>\nTotal: 68<br \/>\nNo pertinentes:raros<br \/>\nNeo-conceptos:6<br \/>\nM\u00e1s frecuente:Transferencia<br \/>\n, 11 = 16%<br \/>\nEl casillero donde se encuentraelconcepto m\u00e1s<br \/>\ncitadoproporcionalmente con<br \/>\nel n\u00famero total (porcentaje<br \/>\nex-aequo conPI-P et T)<\/td><\/tr><\/tbody><\/table><\/div><\/p><\/div><\/p>\n","protected":false},"excerpt":{"rendered":"","protected":false},"author":1,"featured_media":0,"parent":0,"menu_order":0,"comment_status":"closed","ping_status":"closed","template":"","meta":{"footnotes":""},"_links":{"self":[{"href":"https:\/\/old.aipcf.net\/es\/wp-json\/wp\/v2\/pages\/705"}],"collection":[{"href":"https:\/\/old.aipcf.net\/es\/wp-json\/wp\/v2\/pages"}],"about":[{"href":"https:\/\/old.aipcf.net\/es\/wp-json\/wp\/v2\/types\/page"}],"author":[{"embeddable":true,"href":"https:\/\/old.aipcf.net\/es\/wp-json\/wp\/v2\/users\/1"}],"replies":[{"embeddable":true,"href":"https:\/\/old.aipcf.net\/es\/wp-json\/wp\/v2\/comments?post=705"}],"version-history":[{"count":9,"href":"https:\/\/old.aipcf.net\/es\/wp-json\/wp\/v2\/pages\/705\/revisions"}],"predecessor-version":[{"id":2503,"href":"https:\/\/old.aipcf.net\/es\/wp-json\/wp\/v2\/pages\/705\/revisions\/2503"}],"wp:attachment":[{"href":"https:\/\/old.aipcf.net\/es\/wp-json\/wp\/v2\/media?parent=705"}],"curies":[{"name":"wp","href":"https:\/\/api.w.org\/{rel}","templated":true}]}}