{"id":9126,"date":"2023-03-30T12:01:50","date_gmt":"2023-03-30T10:01:50","guid":{"rendered":"http:\/\/aipcf.net\/?page_id=9126"},"modified":"2023-03-30T15:51:24","modified_gmt":"2023-03-30T13:51:24","slug":"grupos-de-investigacion","status":"publish","type":"page","link":"https:\/\/old.aipcf.net\/es\/grupos-de-investigacion\/","title":{"rendered":"GRUPOS DE INVESTIGACI\u00d3N"},"content":{"rendered":"\n<style type=\"text\/css\" data-created_by=\"avia_inline_auto\" id=\"style-css-av-83w62u-093b666fa021636673d13cbc30e8de69\">\n.avia-section.av-83w62u-093b666fa021636673d13cbc30e8de69{\nbackground-color:#ffffff;\nbackground-image:unset;\n}\n<\/style>\n<div id='av_section_1'  class='avia-section av-83w62u-093b666fa021636673d13cbc30e8de69 main_color avia-section-default avia-no-border-styling  avia-builder-el-0  avia-builder-el-no-sibling  avia-bg-style-scroll container_wrap sidebar_right'  ><div class='container av-section-cont-open' ><main  role=\"main\" itemprop=\"mainContentOfPage\"  class='template-page content  av-content-small alpha units'><div class='post-entry post-entry-type-page post-entry-9126'><div class='entry-content-wrapper clearfix'>\n\n<style type=\"text\/css\" data-created_by=\"avia_inline_auto\" id=\"style-css-av-58311i-11a7f52c7cce489f106710979e1a3b9c\">\n.flex_column.av-58311i-11a7f52c7cce489f106710979e1a3b9c{\npadding:30px 30px 30px 30px;\nbackground-color:#a52254;\n}\n<\/style>\n<div  class='flex_column av-58311i-11a7f52c7cce489f106710979e1a3b9c av_one_full  avia-builder-el-1  el_before_av_one_full  avia-builder-el-first  first flex_column_div  '     ><style type=\"text\/css\" data-created_by=\"avia_inline_auto\" id=\"style-css-av-lfuy4kwn-c81d05485ab3053fcd19e3a7b1d71f32\">\n#top .av-special-heading.av-lfuy4kwn-c81d05485ab3053fcd19e3a7b1d71f32{\npadding-bottom:10px;\ncolor:#e9f0c1;\n}\nbody .av-special-heading.av-lfuy4kwn-c81d05485ab3053fcd19e3a7b1d71f32 .av-special-heading-tag .heading-char{\nfont-size:25px;\n}\n.av-special-heading.av-lfuy4kwn-c81d05485ab3053fcd19e3a7b1d71f32 .special-heading-inner-border{\nborder-color:#e9f0c1;\n}\n.av-special-heading.av-lfuy4kwn-c81d05485ab3053fcd19e3a7b1d71f32 .av-subheading{\nfont-size:15px;\n}\n<\/style>\n<div  class='av-special-heading av-lfuy4kwn-c81d05485ab3053fcd19e3a7b1d71f32 av-special-heading-h1 custom-color-heading blockquote modern-quote modern-centered  avia-builder-el-2  avia-builder-el-no-sibling '><h1 class='av-special-heading-tag'  itemprop=\"headline\"  >GRUPOS DE INVESTIGACI\u00d3N<\/h1><div class=\"special-heading-border\"><div class=\"special-heading-inner-border\"><\/div><\/div><\/div><\/div>\n<style type=\"text\/css\" data-created_by=\"avia_inline_auto\" id=\"style-css-av-42j6qe-74c160dcb67701bc06bcf96670937f8a\">\n.flex_column.av-42j6qe-74c160dcb67701bc06bcf96670937f8a{\nborder-width:2px;\nborder-color:#000000;\nborder-style:solid;\nborder-radius:5px 5px 5px 5px;\npadding:30px 30px 30px 30px;\n}\n<\/style>\n<div  class='flex_column av-42j6qe-74c160dcb67701bc06bcf96670937f8a av_one_full  avia-builder-el-3  el_after_av_one_full  el_before_av_hr  first flex_column_div  column-top-margin'     ><section  class='av_textblock_section av-lfuy4s3s-30210b88fc08cbbd20c69d8d1fa64b7e '   itemscope=\"itemscope\" itemtype=\"https:\/\/schema.org\/CreativeWork\" ><div class='avia_textblock'  itemprop=\"text\" ><p>Los <strong>Grupos de Investigaci\u00f3n<\/strong> cient\u00edfica son un conjunto de personas que se re\u00fanen para hacer investigaci\u00f3n en una tem\u00e1tica determinada. \u00a0Formulan los objetivos e hip\u00f3tesis, definen una metodolog\u00eda cient\u00edfica (cuantitativa o cualitativa), y trazan un plan estrat\u00e9gico a mediano y largo plazo para trabajar en \u00e9l. De este modo producen resultados de conocimiento sobre el tema en cuesti\u00f3n.<\/p>\n<p>Un grupo de investigaci\u00f3n est\u00e1 constituido\u00a0por un m\u00ednimo de 3 personas que trabajan intencionadamente en un plan, prop\u00f3sito o agenda organizada por proyectos y programas de investigaci\u00f3n durante un tiempo suficiente para producir resultados de conocimiento.<\/p>\n<p>Su quehacer tiene como prop\u00f3sito el logro de resultados de calidad que sean pertinentes y visibles. Este trabajo tiene la intenci\u00f3n de lograr resultados tangibles y verificables que cumplan los objetivos fijados, fruto de proyectos y otras actividades de investigaci\u00f3n convenientemente expresadas en un plan de acci\u00f3n (proyectos) debidamente formalizado. Donde cada una de estas actividades se registran en el curr\u00edculo de cada investigador y despu\u00e9s en el grupo de investigaci\u00f3n.<\/p>\n<p>Los resultados\u00a0 de trabajo de los Grupos de Reflexi\u00f3n y de los Grupos de Investigaci\u00f3n, ser\u00e1n presentados en los congresos, publicados y difundidos por la Asociaci\u00f3n.<\/p>\n<\/div><\/section><\/div><div  class='hr av-2nrc9i-79accfa68bdd2299e1b5468d7f366bfd hr-default  avia-builder-el-5  el_after_av_one_full  el_before_av_masonry_entries  avia-builder-el-last '><span class='hr-inner '><span class=\"hr-inner-style\"><\/span><\/span><\/div>\n\n<style type=\"text\/css\" data-created_by=\"avia_inline_auto\" id=\"style-css-av-lfuy4z5a-45335e835730d0e438ebae3bad665258\">\n#top .av-masonry.av-lfuy4z5a-45335e835730d0e438ebae3bad665258{\nbackground-color:#afafaf;\n}\n<\/style>\n<div id='av-masonry-1' class='av-masonry av-lfuy4z5a-45335e835730d0e438ebae3bad665258 noHover av-fixed-size av-large-gap av-hover-overlay- av-masonry-animation-active av-masonry-col-3 av-caption-always av-caption-style- av-masonry-entries ' data-post_id=\"9126\"><div class=\"av-masonry-container isotope av-js-disabled\"><div class='av-masonry-entry isotope-item av-masonry-item-no-image all_sort grupos-de-investigacion_sort '><\/div><a href=\"https:\/\/old.aipcf.net\/es\/fronteras-limites-e-intrusion\/\"  id='av-masonry-1-item-9146' data-av-masonry-item='9146' class='av-masonry-entry isotope-item post-9146 post type-post status-publish format-standard hentry category-grupos-de-investigacion all_sort grupos-de-investigacion_sort  av-masonry-item-no-image' title=\"FRONTERAS, L\u00cdMITES E INTRUSI\u00d3N\"   itemscope=\"itemscope\" itemtype=\"https:\/\/schema.org\/CreativeWork\" ><div class='av-inner-masonry-sizer'><\/div><figure class='av-inner-masonry main_color'><figcaption class='av-inner-masonry-content site-background'><div class='av-inner-masonry-content-pos'><div class='av-inner-masonry-content-pos-content'><div class='avia-arrow'><\/div><h3 class='av-masonry-entry-title entry-title '  itemprop=\"headline\" >FRONTERAS, L\u00cdMITES E INTRUSI\u00d3N<\/h3><span class='av-masonry-date meta-color updated'>30 marzo 2023<\/span><span class=\"av-masonry-text-sep text-sep-author\">\/<\/span><span class='av-masonry-author meta-color author'><span class='fn'>por AIPCF<\/span><\/span><\/div><\/div><\/figcaption><\/figure><\/a><!--end av-masonry entry--><a href=\"https:\/\/old.aipcf.net\/es\/metapsicologia-del-vinculo-parte-ii-2\/\"  id='av-masonry-1-item-9137' data-av-masonry-item='9137' class='av-masonry-entry isotope-item post-9137 post type-post status-publish format-standard hentry category-grupos-de-investigacion all_sort grupos-de-investigacion_sort  av-masonry-item-no-image' title=\"METAPSICOLOG\u00cdA DEL V\u00cdNCULO. PARTE II\"   itemscope=\"itemscope\" itemtype=\"https:\/\/schema.org\/CreativeWork\" ><div class='av-inner-masonry-sizer'><\/div><figure class='av-inner-masonry main_color'><figcaption class='av-inner-masonry-content site-background'><div class='av-inner-masonry-content-pos'><div class='av-inner-masonry-content-pos-content'><div class='avia-arrow'><\/div><h3 class='av-masonry-entry-title entry-title '  itemprop=\"headline\" >METAPSICOLOG\u00cdA DEL V\u00cdNCULO. PARTE II<\/h3><span class='av-masonry-date meta-color updated'>30 marzo 2023<\/span><span class=\"av-masonry-text-sep text-sep-author\">\/<\/span><span class='av-masonry-author meta-color author'><span class='fn'>por AIPCF<\/span><\/span><\/div><\/div><\/figcaption><\/figure><\/a><!--end av-masonry entry--><a href=\"https:\/\/old.aipcf.net\/es\/metapsicologia-del-vinculo-parte-ii\/\"  id='av-masonry-1-item-9129' data-av-masonry-item='9129' class='av-masonry-entry isotope-item post-9129 post type-post status-publish format-standard hentry category-grupos-de-investigacion all_sort grupos-de-investigacion_sort  av-masonry-item-no-image' title=\"V\u00cdNCULO FAMILIAR Y V\u00cdNCULO SOCIAL\"   itemscope=\"itemscope\" itemtype=\"https:\/\/schema.org\/CreativeWork\" ><div class='av-inner-masonry-sizer'><\/div><figure class='av-inner-masonry main_color'><figcaption class='av-inner-masonry-content site-background'><div class='av-inner-masonry-content-pos'><div class='av-inner-masonry-content-pos-content'><div class='avia-arrow'><\/div><h3 class='av-masonry-entry-title entry-title '  itemprop=\"headline\" >V\u00cdNCULO FAMILIAR Y V\u00cdNCULO SOCIAL<\/h3><span class='av-masonry-date meta-color updated'>30 marzo 2023<\/span><span class=\"av-masonry-text-sep text-sep-author\">\/<\/span><span class='av-masonry-author meta-color author'><span class='fn'>por AIPCF<\/span><\/span><\/div><\/div><\/figcaption><\/figure><\/a><!--end av-masonry entry--><\/div><\/div>\n<\/div><\/div><\/main><!-- close content main element --><\/div><\/div><div id='after_section_1'  class='main_color av_default_container_wrap container_wrap sidebar_right'  ><div class='container av-section-cont-open' ><div class='template-page content  av-content-small alpha units'><div class='post-entry post-entry-type-page post-entry-9126'><div class='entry-content-wrapper clearfix'>\n","protected":false},"excerpt":{"rendered":"","protected":false},"author":1,"featured_media":0,"parent":0,"menu_order":0,"comment_status":"closed","ping_status":"closed","template":"","meta":{"footnotes":""},"_links":{"self":[{"href":"https:\/\/old.aipcf.net\/es\/wp-json\/wp\/v2\/pages\/9126"}],"collection":[{"href":"https:\/\/old.aipcf.net\/es\/wp-json\/wp\/v2\/pages"}],"about":[{"href":"https:\/\/old.aipcf.net\/es\/wp-json\/wp\/v2\/types\/page"}],"author":[{"embeddable":true,"href":"https:\/\/old.aipcf.net\/es\/wp-json\/wp\/v2\/users\/1"}],"replies":[{"embeddable":true,"href":"https:\/\/old.aipcf.net\/es\/wp-json\/wp\/v2\/comments?post=9126"}],"version-history":[{"count":10,"href":"https:\/\/old.aipcf.net\/es\/wp-json\/wp\/v2\/pages\/9126\/revisions"}],"predecessor-version":[{"id":9189,"href":"https:\/\/old.aipcf.net\/es\/wp-json\/wp\/v2\/pages\/9126\/revisions\/9189"}],"wp:attachment":[{"href":"https:\/\/old.aipcf.net\/es\/wp-json\/wp\/v2\/media?parent=9126"}],"curies":[{"name":"wp","href":"https:\/\/api.w.org\/{rel}","templated":true}]}}