{"id":9152,"date":"2023-03-30T12:40:35","date_gmt":"2023-03-30T10:40:35","guid":{"rendered":"http:\/\/aipcf.net\/?page_id=9152"},"modified":"2023-03-30T12:41:04","modified_gmt":"2023-03-30T10:41:04","slug":"grupos-de-reflexion-2","status":"publish","type":"page","link":"https:\/\/old.aipcf.net\/es\/grupos-de-reflexion-2\/","title":{"rendered":"GRUPOS DE REFLEXI\u00d3N"},"content":{"rendered":"\n<style type=\"text\/css\" data-created_by=\"avia_inline_auto\" id=\"style-css-av-av_section-6f403b275ce6458ef425caf44a2d783e\">\n.avia-section.av-av_section-6f403b275ce6458ef425caf44a2d783e{\nbackground-color:#ffffff;\nbackground-image:unset;\n}\n<\/style>\n<div id='av_section_1'  class='avia-section av-av_section-6f403b275ce6458ef425caf44a2d783e main_color avia-section-default avia-no-border-styling  avia-builder-el-0  avia-builder-el-no-sibling  avia-bg-style-scroll container_wrap sidebar_right'  ><div class='container av-section-cont-open' ><main  role=\"main\" itemprop=\"mainContentOfPage\"  class='template-page content  av-content-small alpha units'><div class='post-entry post-entry-type-page post-entry-9152'><div class='entry-content-wrapper clearfix'>\n\n<style type=\"text\/css\" data-created_by=\"avia_inline_auto\" id=\"style-css-av-av_one_full-2e7869e35bb85467275e6e278d2f1f1c\">\n.flex_column.av-av_one_full-2e7869e35bb85467275e6e278d2f1f1c{\npadding:30px 30px 30px 30px;\nbackground-color:#a52254;\n}\n<\/style>\n<div  class='flex_column av-av_one_full-2e7869e35bb85467275e6e278d2f1f1c av_one_full  avia-builder-el-1  el_before_av_one_full  avia-builder-el-first  first flex_column_div  '     ><style type=\"text\/css\" data-created_by=\"avia_inline_auto\" id=\"style-css-av-lfuzidrb-737c38f170673c1b71bf1189769b985b\">\n#top .av-special-heading.av-lfuzidrb-737c38f170673c1b71bf1189769b985b{\npadding-bottom:10px;\ncolor:#e9f0c1;\n}\nbody .av-special-heading.av-lfuzidrb-737c38f170673c1b71bf1189769b985b .av-special-heading-tag .heading-char{\nfont-size:25px;\n}\n.av-special-heading.av-lfuzidrb-737c38f170673c1b71bf1189769b985b .special-heading-inner-border{\nborder-color:#e9f0c1;\n}\n.av-special-heading.av-lfuzidrb-737c38f170673c1b71bf1189769b985b .av-subheading{\nfont-size:15px;\n}\n<\/style>\n<div  class='av-special-heading av-lfuzidrb-737c38f170673c1b71bf1189769b985b av-special-heading-h1 custom-color-heading blockquote modern-quote modern-centered  avia-builder-el-2  avia-builder-el-no-sibling '><h1 class='av-special-heading-tag'  itemprop=\"headline\"  >GRUPOS DE REFLEXI\u00d3N<\/h1><div class=\"special-heading-border\"><div class=\"special-heading-inner-border\"><\/div><\/div><\/div><\/div>\n<style type=\"text\/css\" data-created_by=\"avia_inline_auto\" id=\"style-css-av-av_one_full-854194083fa7362447a0dc460b83a4d5\">\n.flex_column.av-av_one_full-854194083fa7362447a0dc460b83a4d5{\nborder-width:2px;\nborder-color:#000000;\nborder-style:solid;\nborder-radius:5px 5px 5px 5px;\npadding:30px 30px 30px 30px;\n}\n<\/style>\n<div  class='flex_column av-av_one_full-854194083fa7362447a0dc460b83a4d5 av_one_full  avia-builder-el-3  el_after_av_one_full  el_before_av_hr  first flex_column_div  column-top-margin'     ><section  class='av_textblock_section av-lfuziizl-8d28ce15a451827b0acded13bad904d9 '   itemscope=\"itemscope\" itemtype=\"https:\/\/schema.org\/CreativeWork\" ><div class='avia_textblock'  itemprop=\"text\" ><p>Los <strong>Grupos de Reflexi\u00f3n<\/strong> realizan una propuesta de trabajo grupal, te\u00f3rica y cl\u00ednica sobre una tarea determinada, a trav\u00e9s de la discusi\u00f3n reflexiva, las lecturas, la din\u00e1mica de grupo y la propia experiencia. De esta manera, \u00a0los miembros profundizan la tem\u00e1tica propuesta y llegan a sus conclusiones.<\/p>\n<p>Estos Grupos de Reflexi\u00f3n requieren, como m\u00ednimo de tres participantes, y pueden reunirse de forma presencial, de forma virtual directa o de forma virtual indirecta.<\/p>\n<p>En los Grupos de Reflexi\u00f3n el foco est\u00e1 puesto en la tarea y en el funcionamiento vincular de los materiales a trabajar. Se trata de analizar el material\u00a0cl\u00ednico en el campo transfero, contra e intertransferencial.<\/p>\n<\/div><\/section><\/div><div  class='hr av-av_hr-91d7ccd583a503147498e120fee2ff9b hr-default  avia-builder-el-5  el_after_av_one_full  el_before_av_one_full '><span class='hr-inner '><span class=\"hr-inner-style\"><\/span><\/span><\/div>\n\n<style type=\"text\/css\" data-created_by=\"avia_inline_auto\" id=\"style-css-av-av_one_full-2e7869e35bb85467275e6e278d2f1f1c\">\n.flex_column.av-av_one_full-2e7869e35bb85467275e6e278d2f1f1c{\npadding:30px 30px 30px 30px;\nbackground-color:#a52254;\n}\n<\/style>\n<div  class='flex_column av-av_one_full-2e7869e35bb85467275e6e278d2f1f1c av_one_full  avia-builder-el-6  el_after_av_hr  el_before_av_masonry_entries  avia-builder-el-last  first flex_column_div  '     ><style type=\"text\/css\" data-created_by=\"avia_inline_auto\" id=\"style-css-av-lfuzjgrm-e5db844a17905b91240bf049dd403ef7\">\n#top .av-special-heading.av-lfuzjgrm-e5db844a17905b91240bf049dd403ef7{\npadding-bottom:10px;\ncolor:#e9f0c1;\n}\nbody .av-special-heading.av-lfuzjgrm-e5db844a17905b91240bf049dd403ef7 .av-special-heading-tag .heading-char{\nfont-size:25px;\n}\n.av-special-heading.av-lfuzjgrm-e5db844a17905b91240bf049dd403ef7 .special-heading-inner-border{\nborder-color:#e9f0c1;\n}\n.av-special-heading.av-lfuzjgrm-e5db844a17905b91240bf049dd403ef7 .av-subheading{\nfont-size:15px;\n}\n<\/style>\n<div  class='av-special-heading av-lfuzjgrm-e5db844a17905b91240bf049dd403ef7 av-special-heading-h2 custom-color-heading blockquote modern-quote modern-centered  avia-builder-el-7  avia-builder-el-no-sibling '><h2 class='av-special-heading-tag'  itemprop=\"headline\"  >TRABAJOS EN CURSO<\/h2><div class=\"special-heading-border\"><div class=\"special-heading-inner-border\"><\/div><\/div><\/div><\/div><div id='av-masonry-1' class='av-masonry av-lfuzior5-afaa7d14c849431cd99999ef5f6834e7 noHover av-fixed-size av-1px-gap av-hover-overlay- av-masonry-animation-active av-masonry-col-3 av-caption-always av-caption-style- av-masonry-entries av-desktop-hide av-medium-hide av-small-hide av-mini-hide ' data-post_id=\"9152\"><div class='av-masonry-sort main_color av-sort-yes' data-masonry-id='1' ><div class='av-sort-by-term  ' data-av-allowed-sort='[\"archivo_sort\",\"familia_sort\",\"general-es_sort\",\"grupos-de-investigacion_sort\",\"modelo_sort\",\"pareja_sort\",\"sin-categorizar_sort\"]' ><a href=\"#\" data-filter=\"all_sort\" class=\"all_sort_button active_sort\"><span class=\"inner_sort_button\"><span>Todo<\/span><small class=\"avia-term-count\"> 12 <\/small><\/span><\/a><span class='text-sep archivo_sort_sep avia_show_sort'>\/<\/span><a href=\"#\" data-filter=\"archivo_sort\" class=\"archivo_sort_button avia_show_sort\" ><span class=\"inner_sort_button\"><span>Archivo<\/span><small class='avia-term-count'> 2 <\/small><\/span><\/a><span class='text-sep familia_sort_sep avia_show_sort'>\/<\/span><a href=\"#\" data-filter=\"familia_sort\" class=\"familia_sort_button avia_show_sort\" ><span class=\"inner_sort_button\"><span>familia<\/span><small class='avia-term-count'> 2 <\/small><\/span><\/a><span class='text-sep general-es_sort_sep avia_show_sort'>\/<\/span><a href=\"#\" data-filter=\"general-es_sort\" class=\"general-es_sort_button avia_show_sort\" ><span class=\"inner_sort_button\"><span>General<\/span><small class='avia-term-count'> 1 <\/small><\/span><\/a><span class='text-sep grupos-de-investigacion_sort_sep avia_show_sort'>\/<\/span><a href=\"#\" data-filter=\"grupos-de-investigacion_sort\" class=\"grupos-de-investigacion_sort_button avia_show_sort\" ><span class=\"inner_sort_button\"><span>GRUPOS DE INVESTIGACI\u00d3N<\/span><small class='avia-term-count'> 3 <\/small><\/span><\/a><span class='text-sep modelo_sort_sep avia_show_sort'>\/<\/span><a href=\"#\" data-filter=\"modelo_sort\" class=\"modelo_sort_button avia_show_sort\" ><span class=\"inner_sort_button\"><span>Modelo<\/span><small class='avia-term-count'> 6 <\/small><\/span><\/a><span class='text-sep pareja_sort_sep avia_show_sort'>\/<\/span><a href=\"#\" data-filter=\"pareja_sort\" class=\"pareja_sort_button avia_show_sort\" ><span class=\"inner_sort_button\"><span>pareja<\/span><small class='avia-term-count'> 3 <\/small><\/span><\/a><span class='text-sep sin-categorizar_sort_sep avia_show_sort'>\/<\/span><a href=\"#\" data-filter=\"sin-categorizar_sort\" class=\"sin-categorizar_sort_button avia_show_sort\" ><span class=\"inner_sort_button\"><span>Sin categorizar<\/span><small class='avia-term-count'> 1 <\/small><\/span><\/a><\/div><\/div><div class=\"av-masonry-container isotope av-js-disabled\"><div class='av-masonry-entry isotope-item av-masonry-item-no-image all_sort grupos-de-investigacion_sort  sin-categorizar_sort  archivo_sort  familia_sort  modelo_sort  pareja_sort  general-es_sort '><\/div><a href=\"https:\/\/old.aipcf.net\/es\/fronteras-limites-e-intrusion\/\"  id='av-masonry-1-item-9146' data-av-masonry-item='9146' class='av-masonry-entry isotope-item post-9146 post type-post status-publish format-standard hentry category-grupos-de-investigacion all_sort grupos-de-investigacion_sort  av-masonry-item-no-image' title=\"FRONTERAS, L\u00cdMITES E INTRUSI\u00d3N\"   itemscope=\"itemscope\" itemtype=\"https:\/\/schema.org\/CreativeWork\" ><div class='av-inner-masonry-sizer'><\/div><figure class='av-inner-masonry main_color'><figcaption class='av-inner-masonry-content site-background'><div class='av-inner-masonry-content-pos'><div class='av-inner-masonry-content-pos-content'><div class='avia-arrow'><\/div><h3 class='av-masonry-entry-title entry-title '  itemprop=\"headline\" >FRONTERAS, L\u00cdMITES E INTRUSI\u00d3N<\/h3><span class='av-masonry-date meta-color updated'>30 marzo 2023<\/span><span class=\"av-masonry-text-sep text-sep-author\">\/<\/span><span class='av-masonry-author meta-color author'><span class='fn'>por AIPCF<\/span><\/span><\/div><\/div><\/figcaption><\/figure><\/a><!--end av-masonry entry--><a href=\"https:\/\/old.aipcf.net\/es\/metapsicologia-del-vinculo-parte-ii-2\/\"  id='av-masonry-1-item-9137' data-av-masonry-item='9137' class='av-masonry-entry isotope-item post-9137 post type-post status-publish format-standard hentry category-grupos-de-investigacion all_sort grupos-de-investigacion_sort  av-masonry-item-no-image' title=\"METAPSICOLOG\u00cdA DEL V\u00cdNCULO. PARTE II\"   itemscope=\"itemscope\" itemtype=\"https:\/\/schema.org\/CreativeWork\" ><div class='av-inner-masonry-sizer'><\/div><figure class='av-inner-masonry main_color'><figcaption class='av-inner-masonry-content site-background'><div class='av-inner-masonry-content-pos'><div class='av-inner-masonry-content-pos-content'><div class='avia-arrow'><\/div><h3 class='av-masonry-entry-title entry-title '  itemprop=\"headline\" >METAPSICOLOG\u00cdA DEL V\u00cdNCULO. PARTE II<\/h3><span class='av-masonry-date meta-color updated'>30 marzo 2023<\/span><span class=\"av-masonry-text-sep text-sep-author\">\/<\/span><span class='av-masonry-author meta-color author'><span class='fn'>por AIPCF<\/span><\/span><\/div><\/div><\/figcaption><\/figure><\/a><!--end av-masonry entry--><a href=\"https:\/\/old.aipcf.net\/es\/metapsicologia-del-vinculo-parte-ii\/\"  id='av-masonry-1-item-9129' data-av-masonry-item='9129' class='av-masonry-entry isotope-item post-9129 post type-post status-publish format-standard hentry category-grupos-de-investigacion all_sort grupos-de-investigacion_sort  av-masonry-item-no-image' title=\"V\u00cdNCULO FAMILIAR Y V\u00cdNCULO SOCIAL\"   itemscope=\"itemscope\" itemtype=\"https:\/\/schema.org\/CreativeWork\" ><div class='av-inner-masonry-sizer'><\/div><figure class='av-inner-masonry main_color'><figcaption class='av-inner-masonry-content site-background'><div class='av-inner-masonry-content-pos'><div class='av-inner-masonry-content-pos-content'><div class='avia-arrow'><\/div><h3 class='av-masonry-entry-title entry-title '  itemprop=\"headline\" >V\u00cdNCULO FAMILIAR Y V\u00cdNCULO SOCIAL<\/h3><span class='av-masonry-date meta-color updated'>30 marzo 2023<\/span><span class=\"av-masonry-text-sep text-sep-author\">\/<\/span><span class='av-masonry-author meta-color author'><span class='fn'>por AIPCF<\/span><\/span><\/div><\/div><\/figcaption><\/figure><\/a><!--end av-masonry entry--><a href=\"https:\/\/old.aipcf.net\/es\/revue-n27-la-psychanalyse-du-couple-et-de-la-famille-face-aux-catastrophes-contemporaines\/\"  id='av-masonry-1-item-8506' data-av-masonry-item='8506' class='av-masonry-entry isotope-item post-8506 post type-post status-publish format-standard hentry category-sin-categorizar all_sort sin-categorizar_sort  av-masonry-item-no-image' title=\"NUMERO N\u00b027 | El psicoan\u00e1lisis de la pareja y la familia ante las cat\u00e1strofes contempor\u00e1neas\"   itemscope=\"itemscope\" itemtype=\"https:\/\/schema.org\/CreativeWork\" ><div class='av-inner-masonry-sizer'><\/div><figure class='av-inner-masonry main_color'><figcaption class='av-inner-masonry-content site-background'><div class='av-inner-masonry-content-pos'><div class='av-inner-masonry-content-pos-content'><div class='avia-arrow'><\/div><h3 class='av-masonry-entry-title entry-title '  itemprop=\"headline\" >NUMERO N\u00b027 | El psicoan\u00e1lisis de la pareja y la familia ante las cat\u00e1strofes contempor\u00e1neas<\/h3><span class='av-masonry-date meta-color updated'>12 julio 2022<\/span><span class=\"av-masonry-text-sep text-sep-author\">\/<\/span><span class='av-masonry-author meta-color author'><span class='fn'>por AIPCF<\/span><\/span><\/div><\/div><\/figcaption><\/figure><\/a><!--end av-masonry entry--><a href=\"https:\/\/old.aipcf.net\/es\/viii-congreso-internacional-2018-del-aippf\/\"  id='av-masonry-1-item-3678' data-av-masonry-item='3678' class='av-masonry-entry isotope-item post-3678 post type-post status-publish format-standard has-post-thumbnail hentry category-archivo all_sort archivo_sort  av-masonry-item-with-image av-grid-img' title=\"aipcfsite\"   itemscope=\"itemscope\" itemtype=\"https:\/\/schema.org\/CreativeWork\" ><div class='av-inner-masonry-sizer'><\/div><figure class='av-inner-masonry main_color'><div class=\"av-masonry-outerimage-container\"><div class='av-masonry-image-container' style=\"background-image: url(https:\/\/old.aipcf.net\/wp-content\/uploads\/2018\/10\/aipcfsite-2.png);\"  title=\"aipcfsite\"  ><\/div><\/div><figcaption class='av-inner-masonry-content site-background'><div class='av-inner-masonry-content-pos'><div class='av-inner-masonry-content-pos-content'><div class='avia-arrow'><\/div><h3 class='av-masonry-entry-title entry-title '  itemprop=\"headline\" >VIII Congreso Internacional 2018 del AIPPF<\/h3><span class='av-masonry-date meta-color updated'>25 octubre 2018<\/span><span class=\"av-masonry-text-sep text-sep-author\">\/<\/span><span class='av-masonry-author meta-color author'><span class='fn'>por AIPCF<\/span><\/span><\/div><\/div><\/figcaption><\/figure><\/a><!--end av-masonry entry--><a href=\"https:\/\/old.aipcf.net\/es\/vii-congreso-internacional-aippf-sao-paulo-2016\/\"  id='av-masonry-1-item-1513' data-av-masonry-item='1513' class='av-masonry-entry isotope-item post-1513 post type-post status-publish format-standard has-post-thumbnail hentry category-archivo all_sort archivo_sort  av-masonry-item-with-image av-grid-img' title=\"2014 copie\"   itemscope=\"itemscope\" itemtype=\"https:\/\/schema.org\/CreativeWork\" ><div class='av-inner-masonry-sizer'><\/div><figure class='av-inner-masonry main_color'><div class=\"av-masonry-outerimage-container\"><div class='av-masonry-image-container' style=\"background-image: url(https:\/\/old.aipcf.net\/wp-content\/uploads\/2017\/05\/2014-copie.jpg);\"  title=\"2014 copie\"  ><\/div><\/div><figcaption class='av-inner-masonry-content site-background'><div class='av-inner-masonry-content-pos'><div class='av-inner-masonry-content-pos-content'><div class='avia-arrow'><\/div><h3 class='av-masonry-entry-title entry-title '  itemprop=\"headline\" >VII CONGRESO INTERNACIONAL AIPPF  Sao Paulo, 2016<\/h3><span class='av-masonry-date meta-color updated'>6 mayo 2017<\/span><span class=\"av-masonry-text-sep text-sep-author\">\/<\/span><span class='av-masonry-author meta-color author'><span class='fn'>por AIPCF<\/span><\/span><\/div><\/div><\/figcaption><\/figure><\/a><!--end av-masonry entry--><a href=\"https:\/\/old.aipcf.net\/es\/manera-de-trabajar-del-ipi\/\"  id='av-masonry-1-item-1085' data-av-masonry-item='1085' class='av-masonry-entry isotope-item post-1085 post type-post status-publish format-standard has-post-thumbnail hentry category-familia category-modelo all_sort familia_sort  modelo_sort  av-masonry-item-with-image av-grid-img' title=\"lolo_ipi\"   itemscope=\"itemscope\" itemtype=\"https:\/\/schema.org\/CreativeWork\" ><div class='av-inner-masonry-sizer'><\/div><figure class='av-inner-masonry main_color'><div class=\"av-masonry-outerimage-container\"><div class='av-masonry-image-container' style=\"background-image: url(https:\/\/old.aipcf.net\/wp-content\/uploads\/2017\/02\/lolo_ipi.gif);\"  title=\"lolo_ipi\"  ><\/div><\/div><figcaption class='av-inner-masonry-content site-background'><div class='av-inner-masonry-content-pos'><div class='av-inner-masonry-content-pos-content'><div class='avia-arrow'><\/div><h3 class='av-masonry-entry-title entry-title '  itemprop=\"headline\" >La manera de trabajar del IPI<\/h3><span class='av-masonry-date meta-color updated'>4 abril 2017<\/span><span class=\"av-masonry-text-sep text-sep-author\">\/<\/span><span class='av-masonry-author meta-color author'><span class='fn'>por AIPCF<\/span><\/span><\/div><\/div><\/figcaption><\/figure><\/a><!--end av-masonry entry--><a href=\"https:\/\/old.aipcf.net\/es\/theorie-technique-de-psychanalyse-de-couple\/\"  id='av-masonry-1-item-1000' data-av-masonry-item='1000' class='av-masonry-entry isotope-item post-1000 post type-post status-publish format-standard has-post-thumbnail hentry category-modelo category-pareja all_sort modelo_sort  pareja_sort  av-masonry-item-with-image av-grid-img' title=\"couple3\"   itemscope=\"itemscope\" itemtype=\"https:\/\/schema.org\/CreativeWork\" ><div class='av-inner-masonry-sizer'><\/div><figure class='av-inner-masonry main_color'><div class=\"av-masonry-outerimage-container\"><div class='av-masonry-image-container' style=\"background-image: url(https:\/\/old.aipcf.net\/wp-content\/uploads\/2017\/02\/couple3.jpg);\"  title=\"couple3\"  ><\/div><\/div><figcaption class='av-inner-masonry-content site-background'><div class='av-inner-masonry-content-pos'><div class='av-inner-masonry-content-pos-content'><div class='avia-arrow'><\/div><h3 class='av-masonry-entry-title entry-title '  itemprop=\"headline\" >Teor\u00eda y t\u00e9cnica del psicoan\u00e1lisis de pareja<\/h3><span class='av-masonry-date meta-color updated'>3 abril 2017<\/span><span class=\"av-masonry-text-sep text-sep-author\">\/<\/span><span class='av-masonry-author meta-color author'><span class='fn'>por AIPCF<\/span><\/span><\/div><\/div><\/figcaption><\/figure><\/a><!--end av-masonry entry--><a href=\"https:\/\/old.aipcf.net\/es\/psychotherapie-psychanalytique-de-couple-attachement\/\"  id='av-masonry-1-item-994' data-av-masonry-item='994' class='av-masonry-entry isotope-item post-994 post type-post status-publish format-standard has-post-thumbnail hentry category-modelo category-pareja all_sort modelo_sort  pareja_sort  av-masonry-item-with-image av-grid-img' title=\"couple 4\"   itemscope=\"itemscope\" itemtype=\"https:\/\/schema.org\/CreativeWork\" ><div class='av-inner-masonry-sizer'><\/div><figure class='av-inner-masonry main_color'><div class=\"av-masonry-outerimage-container\"><div class='av-masonry-image-container' style=\"background-image: url(https:\/\/old.aipcf.net\/wp-content\/uploads\/2017\/02\/couple-4.jpg);\"  title=\"couple 4\"  ><\/div><\/div><figcaption class='av-inner-masonry-content site-background'><div class='av-inner-masonry-content-pos'><div class='av-inner-masonry-content-pos-content'><div class='avia-arrow'><\/div><h3 class='av-masonry-entry-title entry-title '  itemprop=\"headline\" >Psicoterapia psicoanal\u00edtica de pareja y apego<\/h3><span class='av-masonry-date meta-color updated'>3 abril 2017<\/span><span class=\"av-masonry-text-sep text-sep-author\">\/<\/span><span class='av-masonry-author meta-color author'><span class='fn'>por AIPCF<\/span><\/span><\/div><\/div><\/figcaption><\/figure><\/a><!--end av-masonry entry--><a href=\"https:\/\/old.aipcf.net\/es\/place-pratique-tpcf-perinatalite-apres-naissance\/\"  id='av-masonry-1-item-986' data-av-masonry-item='986' class='av-masonry-entry isotope-item post-986 post type-post status-publish format-standard has-post-thumbnail hentry category-general-es category-modelo all_sort general-es_sort  modelo_sort  av-masonry-item-with-image av-grid-img' title=\"Modeles3\"   itemscope=\"itemscope\" itemtype=\"https:\/\/schema.org\/CreativeWork\" ><div class='av-inner-masonry-sizer'><\/div><figure class='av-inner-masonry main_color'><div class=\"av-masonry-outerimage-container\"><div class='av-masonry-image-container' style=\"background-image: url(https:\/\/old.aipcf.net\/wp-content\/uploads\/2017\/02\/Modeles3.jpg);\"  title=\"Modeles3\"  ><\/div><\/div><figcaption class='av-inner-masonry-content site-background'><div class='av-inner-masonry-content-pos'><div class='av-inner-masonry-content-pos-content'><div class='avia-arrow'><\/div><h3 class='av-masonry-entry-title entry-title '  itemprop=\"headline\" >Lugar y pr\u00e1ctica de las TPCF en p\u00e9rinatalit\u00e9 (antes y despu\u00e9s del nacimiento)<\/h3><span class='av-masonry-date meta-color updated'>3 abril 2017<\/span><span class=\"av-masonry-text-sep text-sep-author\">\/<\/span><span class='av-masonry-author meta-color author'><span class='fn'>por AIPCF<\/span><\/span><\/div><\/div><\/figcaption><\/figure><\/a><!--end av-masonry entry--><a href=\"https:\/\/old.aipcf.net\/es\/note-therapie-familiale-psychanalytique-tfp\/\"  id='av-masonry-1-item-979' data-av-masonry-item='979' class='av-masonry-entry isotope-item post-979 post type-post status-publish format-standard has-post-thumbnail hentry category-familia category-modelo all_sort familia_sort  modelo_sort  av-masonry-item-with-image av-grid-img' title=\"famille 2\"   itemscope=\"itemscope\" itemtype=\"https:\/\/schema.org\/CreativeWork\" ><div class='av-inner-masonry-sizer'><\/div><figure class='av-inner-masonry main_color'><div class=\"av-masonry-outerimage-container\"><div class='av-masonry-image-container' style=\"background-image: url(https:\/\/old.aipcf.net\/wp-content\/uploads\/2017\/05\/famille-2.jpg);\"  title=\"famille 2\"  ><\/div><\/div><figcaption class='av-inner-masonry-content site-background'><div class='av-inner-masonry-content-pos'><div class='av-inner-masonry-content-pos-content'><div class='avia-arrow'><\/div><h3 class='av-masonry-entry-title entry-title '  itemprop=\"headline\" >El soma es individual, la psiquis es de esencia groupal.<\/h3><span class='av-masonry-date meta-color updated'>3 abril 2017<\/span><span class=\"av-masonry-text-sep text-sep-author\">\/<\/span><span class='av-masonry-author meta-color author'><span class='fn'>por AIPCF<\/span><\/span><\/div><\/div><\/figcaption><\/figure><\/a><!--end av-masonry entry--><a href=\"https:\/\/old.aipcf.net\/es\/modeles-psychanalitiques-dintervention-therapeutique-couple-parental\/\"  id='av-masonry-1-item-970' data-av-masonry-item='970' class='av-masonry-entry isotope-item post-970 post type-post status-publish format-standard has-post-thumbnail hentry category-modelo category-pareja all_sort modelo_sort  pareja_sort  av-masonry-item-with-image av-grid-img' title=\"COUPLE 2\"   itemscope=\"itemscope\" itemtype=\"https:\/\/schema.org\/CreativeWork\" ><div class='av-inner-masonry-sizer'><\/div><figure class='av-inner-masonry main_color'><div class=\"av-masonry-outerimage-container\"><div class='av-masonry-image-container' style=\"background-image: url(https:\/\/old.aipcf.net\/wp-content\/uploads\/2017\/02\/COUPLE-2.jpg);\"  title=\"COUPLE 2\"  ><\/div><\/div><figcaption class='av-inner-masonry-content site-background'><div class='av-inner-masonry-content-pos'><div class='av-inner-masonry-content-pos-content'><div class='avia-arrow'><\/div><h3 class='av-masonry-entry-title entry-title '  itemprop=\"headline\" >Modelos psicoanal\u00edticos de intervenci\u00f3n terape\u00fatica con la pareja parental.<\/h3><span class='av-masonry-date meta-color updated'>3 abril 2017<\/span><span class=\"av-masonry-text-sep text-sep-author\">\/<\/span><span class='av-masonry-author meta-color author'><span class='fn'>por AIPCF<\/span><\/span><\/div><\/div><\/figcaption><\/figure><\/a><!--end av-masonry entry--><\/div><\/div>\n<\/div><\/div><\/main><!-- close content main element --><\/div><\/div><div id='after_section_1'  class='main_color av_default_container_wrap container_wrap sidebar_right'  ><div class='container av-section-cont-open' ><div class='template-page content  av-content-small alpha units'><div class='post-entry post-entry-type-page post-entry-9152'><div class='entry-content-wrapper clearfix'>\n","protected":false},"excerpt":{"rendered":"","protected":false},"author":1,"featured_media":0,"parent":0,"menu_order":0,"comment_status":"closed","ping_status":"closed","template":"","meta":{"footnotes":""},"_links":{"self":[{"href":"https:\/\/old.aipcf.net\/es\/wp-json\/wp\/v2\/pages\/9152"}],"collection":[{"href":"https:\/\/old.aipcf.net\/es\/wp-json\/wp\/v2\/pages"}],"about":[{"href":"https:\/\/old.aipcf.net\/es\/wp-json\/wp\/v2\/types\/page"}],"author":[{"embeddable":true,"href":"https:\/\/old.aipcf.net\/es\/wp-json\/wp\/v2\/users\/1"}],"replies":[{"embeddable":true,"href":"https:\/\/old.aipcf.net\/es\/wp-json\/wp\/v2\/comments?post=9152"}],"version-history":[{"count":4,"href":"https:\/\/old.aipcf.net\/es\/wp-json\/wp\/v2\/pages\/9152\/revisions"}],"predecessor-version":[{"id":9157,"href":"https:\/\/old.aipcf.net\/es\/wp-json\/wp\/v2\/pages\/9152\/revisions\/9157"}],"wp:attachment":[{"href":"https:\/\/old.aipcf.net\/es\/wp-json\/wp\/v2\/media?parent=9152"}],"curies":[{"name":"wp","href":"https:\/\/api.w.org\/{rel}","templated":true}]}}